{"id":862,"date":"2026-01-07T10:30:59","date_gmt":"2026-01-07T10:30:59","guid":{"rendered":"https:\/\/mochopo.com\/?post_type=product&#038;p=862"},"modified":"2026-02-26T12:38:06","modified_gmt":"2026-02-26T12:38:06","slug":"llavero-junimo-stardew-valley","status":"publish","type":"product","link":"https:\/\/mochopo.com\/en\/product\/llavero-junimo-stardew-valley\/","title":{"rendered":"Junimo Stardew Valley Key Ring"},"content":{"rendered":"<h3><strong>\ud83c\udf3bLlavero de junimos inspirado en el famoso videojuego indie de Stardew Valley<\/strong><\/h3>\n<p>Este llavero con acabado de resina epoxi, est\u00e1 inspirado en el junimo verde del famoso videojuego indie de Stardew Valley. Es un detalle estupendo para fans de los cozy games, farm games o directamente de estos bichejos tan lindos.<\/p>\n<p>\u26a0\ufe0f<strong>Nota: <\/strong>El llavero viene con un pl\u00e1stico de protecci\u00f3n en la parte de atr\u00e1s, qu\u00edtaselo si quieres que brille tambi\u00e9n esa parte.<\/p>\n<h3><strong>\ud83c\udf3bUna compra solidaria<\/strong><\/h3>\n<p>En Mochopo no s\u00f3lo se venden cosas bonitas y dise\u00f1os cuquis. Al ser una tienda solidaria, una parte de los beneficios de este llavero de stardew valley es donada a una asociaci\u00f3n llamada <a href=\"https:\/\/gatossinhogar.com\/\">Homeless Cats<\/a> de M\u00e1laga. Esta asociaci\u00f3n ayuda a los gatos de la calle rescat\u00e1ndolos de situaciones de peligro, acogi\u00e9ndolos en casas seguras y busc\u00e1ndoles un nuevo hogar definitivo.<\/p>\n<p>Al comprar este producto, est\u00e1s ayudando directamente a que un gatito tenga una vida mejor.<\/p>\n<h3><strong>\ud83c\udf3bRese\u00f1as y dudas<\/strong><\/h3>\n<p>Como esta p\u00e1gina web ha abierto tan recientemente, las rese\u00f1as escasean. Puedes ver algunas en la <a href=\"https:\/\/www.etsy.com\/shop\/Mochopo#reviews\">tienda de Etsy<\/a> que ten\u00eda abierta anteriormente. Adem\u00e1s puedes preguntarme lo que necesites saber a trav\u00e9s del <a href=\"https:\/\/mochopo.com\/en\/contacto\/\">formulario de contacto<\/a> o escribi\u00e9ndome por <a href=\"https:\/\/www.instagram.com\/mochopo_workshop\/\">Instagram<\/a>.<\/p>","protected":false},"excerpt":{"rendered":"<p>Llavero de junimo verde de Stardew Valley con acabado de resina epoxi<\/p>","protected":false},"featured_media":863,"comment_status":"open","ping_status":"closed","template":"","meta":{"_eb_attr":"","site-sidebar-layout":"default","site-content-layout":"","ast-site-content-layout":"default","site-content-style":"default","site-sidebar-style":"default","ast-global-header-display":"","ast-banner-title-visibility":"","ast-main-header-display":"","ast-hfb-above-header-display":"","ast-hfb-below-header-display":"","ast-hfb-mobile-header-display":"","site-post-title":"","ast-breadcrumbs-content":"","ast-featured-img":"","footer-sml-layout":"","ast-disable-related-posts":"","theme-transparent-header-meta":"default","adv-header-id-meta":"","stick-header-meta":"","header-above-stick-meta":"","header-main-stick-meta":"","header-below-stick-meta":"","astra-migrate-meta-layouts":"set","ast-page-background-enabled":"default","ast-page-background-meta":{"desktop":{"background-color":"var(--ast-global-color-5)","background-image":"","background-repeat":"repeat","background-position":"center center","background-size":"auto","background-attachment":"scroll","background-type":"","background-media":"","overlay-type":"","overlay-color":"","overlay-opacity":"","overlay-gradient":""},"tablet":{"background-color":"","background-image":"","background-repeat":"repeat","background-position":"center center","background-size":"auto","background-attachment":"scroll","background-type":"","background-media":"","overlay-type":"","overlay-color":"","overlay-opacity":"","overlay-gradient":""},"mobile":{"background-color":"","background-image":"","background-repeat":"repeat","background-position":"center center","background-size":"auto","background-attachment":"scroll","background-type":"","background-media":"","overlay-type":"","overlay-color":"","overlay-opacity":"","overlay-gradient":""}},"ast-content-background-meta":{"desktop":{"background-color":"var(--ast-global-color-4)","background-image":"","background-repeat":"repeat","background-position":"center center","background-size":"auto","background-attachment":"scroll","background-type":"","background-media":"","overlay-type":"","overlay-color":"","overlay-opacity":"","overlay-gradient":""},"tablet":{"background-color":"var(--ast-global-color-4)","background-image":"","background-repeat":"repeat","background-position":"center center","background-size":"auto","background-attachment":"scroll","background-type":"","background-media":"","overlay-type":"","overlay-color":"","overlay-opacity":"","overlay-gradient":""},"mobile":{"background-color":"var(--ast-global-color-4)","background-image":"","background-repeat":"repeat","background-position":"center center","background-size":"auto","background-attachment":"scroll","background-type":"","background-media":"","overlay-type":"","overlay-color":"","overlay-opacity":"","overlay-gradient":""}}},"product_brand":[],"product_cat":[24,29,30],"product_tag":[37,49,36],"class_list":{"0":"post-862","1":"product","2":"type-product","3":"status-publish","4":"has-post-thumbnail","6":"product_cat-llaveros","7":"product_cat-merch","8":"product_cat-stardew-valley-merch","9":"product_tag-merch","10":"product_tag-outlet","11":"product_tag-videojuegos","12":"desktop-align-left","13":"tablet-align-left","14":"mobile-align-left","16":"first","17":"instock","18":"sale","19":"shipping-taxable","20":"purchasable","21":"product-type-simple"},"aioseo_notices":[],"_links":{"self":[{"href":"https:\/\/mochopo.com\/en\/wp-json\/wp\/v2\/product\/862","targetHints":{"allow":["GET"]}}],"collection":[{"href":"https:\/\/mochopo.com\/en\/wp-json\/wp\/v2\/product"}],"about":[{"href":"https:\/\/mochopo.com\/en\/wp-json\/wp\/v2\/types\/product"}],"replies":[{"embeddable":true,"href":"https:\/\/mochopo.com\/en\/wp-json\/wp\/v2\/comments?post=862"}],"wp:featuredmedia":[{"embeddable":true,"href":"https:\/\/mochopo.com\/en\/wp-json\/wp\/v2\/media\/863"}],"wp:attachment":[{"href":"https:\/\/mochopo.com\/en\/wp-json\/wp\/v2\/media?parent=862"}],"wp:term":[{"taxonomy":"product_brand","embeddable":true,"href":"https:\/\/mochopo.com\/en\/wp-json\/wp\/v2\/product_brand?post=862"},{"taxonomy":"product_cat","embeddable":true,"href":"https:\/\/mochopo.com\/en\/wp-json\/wp\/v2\/product_cat?post=862"},{"taxonomy":"product_tag","embeddable":true,"href":"https:\/\/mochopo.com\/en\/wp-json\/wp\/v2\/product_tag?post=862"}],"curies":[{"name":"wp","href":"https:\/\/api.w.org\/{rel}","templated":true}]}}