{"id":421,"date":"2026-01-02T14:52:58","date_gmt":"2026-01-02T14:52:58","guid":{"rendered":"https:\/\/mochopo.com\/?post_type=product&#038;p=421"},"modified":"2026-02-26T12:39:05","modified_gmt":"2026-02-26T12:39:05","slug":"tote-bag-slime-rancher","status":"publish","type":"product","link":"https:\/\/mochopo.com\/en\/product\/tote-bag-slime-rancher\/","title":{"rendered":"Tote bag slimes by Slime Rancher"},"content":{"rendered":"<h3><strong>\ud83c\udf3bTote bag Slime Rancher<\/strong><\/h3>\n<p>Ve en b\u00fasqueda de nuevos slimes con ayuda de esta tote bag. El tejido es algod\u00f3n grueso de color blanco frente al colorido dise\u00f1o de tres adorables slimes (que no se note que el de agua es mi favorito). Ideal para cozy gamers y fans del videojuego indie Slime Rancher.<\/p>\n<h3><strong>\ud83c\udf3bUna compra solidaria<\/strong><\/h3>\n<p>En Mochopo no s\u00f3lo se venden cosas bonitas y dise\u00f1os cuquis. Al ser una tienda solidaria, una parte de los beneficios de esta tote bag de slimes es donada a una asociaci\u00f3n llamada <a href=\"https:\/\/gatossinhogar.com\/\">Homeless Cats<\/a> de M\u00e1laga. Esta asociaci\u00f3n ayuda a los gatos de la calle rescat\u00e1ndolos de situaciones de peligro, acogi\u00e9ndolos en casas seguras y busc\u00e1ndoles un nuevo hogar definitivo.<\/p>\n<p>Al comprar este producto, est\u00e1s ayudando directamente a que un gatito tenga una vida mejor.<\/p>\n<h3><strong>\ud83c\udf3bInstrucciones de Cuidado<\/strong><\/h3>\n<p>Para mantener a los slimes contentos durante mucho m\u00e1s tiempo:<\/p>\n<ul>\n<li>Lava la prenda del rev\u00e9s.<\/li>\n<li>Usa agua fr\u00eda.<\/li>\n<li>Evita planchar directamente sobre el dise\u00f1o.<\/li>\n<\/ul>\n<h3><strong>\ud83c\udf3bRese\u00f1as y dudas<\/strong><\/h3>\n<p>Como esta p\u00e1gina web ha abierto tan recientemente, las rese\u00f1as escasean. Puedes ver algunas en la <a href=\"https:\/\/www.etsy.com\/shop\/Mochopo#reviews\">tienda de Etsy<\/a> que ten\u00eda abierta anteriormente. Adem\u00e1s puedes preguntarme lo que necesites saber a trav\u00e9s del <a href=\"https:\/\/mochopo.com\/en\/contacto\/\">formulario de contacto<\/a> o escribi\u00e9ndome por <a href=\"https:\/\/www.instagram.com\/mochopo_workshop\/\">Instagram<\/a>.<\/p>","protected":false},"excerpt":{"rendered":"<p>Tote bag blanca de algod\u00f3n grueso con dise\u00f1o inspirado en Slime Rancher<\/p>","protected":false},"featured_media":423,"comment_status":"open","ping_status":"closed","template":"","meta":{"_eb_attr":"","site-sidebar-layout":"default","site-content-layout":"","ast-site-content-layout":"default","site-content-style":"default","site-sidebar-style":"default","ast-global-header-display":"","ast-banner-title-visibility":"","ast-main-header-display":"","ast-hfb-above-header-display":"","ast-hfb-below-header-display":"","ast-hfb-mobile-header-display":"","site-post-title":"","ast-breadcrumbs-content":"","ast-featured-img":"","footer-sml-layout":"","ast-disable-related-posts":"","theme-transparent-header-meta":"default","adv-header-id-meta":"","stick-header-meta":"","header-above-stick-meta":"","header-main-stick-meta":"","header-below-stick-meta":"","astra-migrate-meta-layouts":"set","ast-page-background-enabled":"default","ast-page-background-meta":{"desktop":{"background-color":"var(--ast-global-color-5)","background-image":"","background-repeat":"repeat","background-position":"center center","background-size":"auto","background-attachment":"scroll","background-type":"","background-media":"","overlay-type":"","overlay-color":"","overlay-opacity":"","overlay-gradient":""},"tablet":{"background-color":"","background-image":"","background-repeat":"repeat","background-position":"center center","background-size":"auto","background-attachment":"scroll","background-type":"","background-media":"","overlay-type":"","overlay-color":"","overlay-opacity":"","overlay-gradient":""},"mobile":{"background-color":"","background-image":"","background-repeat":"repeat","background-position":"center center","background-size":"auto","background-attachment":"scroll","background-type":"","background-media":"","overlay-type":"","overlay-color":"","overlay-opacity":"","overlay-gradient":""}},"ast-content-background-meta":{"desktop":{"background-color":"var(--ast-global-color-4)","background-image":"","background-repeat":"repeat","background-position":"center center","background-size":"auto","background-attachment":"scroll","background-type":"","background-media":"","overlay-type":"","overlay-color":"","overlay-opacity":"","overlay-gradient":""},"tablet":{"background-color":"var(--ast-global-color-4)","background-image":"","background-repeat":"repeat","background-position":"center center","background-size":"auto","background-attachment":"scroll","background-type":"","background-media":"","overlay-type":"","overlay-color":"","overlay-opacity":"","overlay-gradient":""},"mobile":{"background-color":"var(--ast-global-color-4)","background-image":"","background-repeat":"repeat","background-position":"center center","background-size":"auto","background-attachment":"scroll","background-type":"","background-media":"","overlay-type":"","overlay-color":"","overlay-opacity":"","overlay-gradient":""}}},"product_brand":[],"product_cat":[29,31,39,38],"product_tag":[37,33,40,36],"class_list":{"0":"post-421","1":"product","2":"type-product","3":"status-publish","4":"has-post-thumbnail","6":"product_cat-merch","7":"product_cat-ropa-y-accesorios","8":"product_cat-slime-rancher","9":"product_cat-tote-bags","10":"product_tag-merch","11":"product_tag-ropa","12":"product_tag-slime-rancher","13":"product_tag-videojuegos","14":"desktop-align-left","15":"tablet-align-left","16":"mobile-align-left","18":"first","19":"instock","20":"shipping-taxable","21":"purchasable","22":"product-type-simple"},"aioseo_notices":[],"_links":{"self":[{"href":"https:\/\/mochopo.com\/en\/wp-json\/wp\/v2\/product\/421","targetHints":{"allow":["GET"]}}],"collection":[{"href":"https:\/\/mochopo.com\/en\/wp-json\/wp\/v2\/product"}],"about":[{"href":"https:\/\/mochopo.com\/en\/wp-json\/wp\/v2\/types\/product"}],"replies":[{"embeddable":true,"href":"https:\/\/mochopo.com\/en\/wp-json\/wp\/v2\/comments?post=421"}],"wp:featuredmedia":[{"embeddable":true,"href":"https:\/\/mochopo.com\/en\/wp-json\/wp\/v2\/media\/423"}],"wp:attachment":[{"href":"https:\/\/mochopo.com\/en\/wp-json\/wp\/v2\/media?parent=421"}],"wp:term":[{"taxonomy":"product_brand","embeddable":true,"href":"https:\/\/mochopo.com\/en\/wp-json\/wp\/v2\/product_brand?post=421"},{"taxonomy":"product_cat","embeddable":true,"href":"https:\/\/mochopo.com\/en\/wp-json\/wp\/v2\/product_cat?post=421"},{"taxonomy":"product_tag","embeddable":true,"href":"https:\/\/mochopo.com\/en\/wp-json\/wp\/v2\/product_tag?post=421"}],"curies":[{"name":"wp","href":"https:\/\/api.w.org\/{rel}","templated":true}]}}