{"id":406,"date":"2026-01-02T12:47:22","date_gmt":"2026-01-02T12:47:22","guid":{"rendered":"https:\/\/mochopo.com\/?post_type=product&#038;p=406"},"modified":"2026-02-26T12:39:24","modified_gmt":"2026-02-26T12:39:24","slug":"camiseta-junimos-stardew-valley","status":"publish","type":"product","link":"https:\/\/mochopo.com\/en\/product\/camiseta-junimos-stardew-valley\/","title":{"rendered":"Stardew Valley Junimos T-Shirt"},"content":{"rendered":"<h3><strong>\ud83c\udf3bCamiseta de junimos inspirada en el famoso videojuego indie de Stardew Valley<\/strong><\/h3>\n<p>Esta Camiseta de Junimos est\u00e1 inspirada en el famoso videojuego indie de Stardew Valley. Con un dise\u00f1o no estridente y minimalista, es el regalo perfecto para cozy gamers y fans de los videojuegos de granja que buscan llevar su pasi\u00f3n de forma discreta y bonita.<\/p>\n<h3><strong>\ud83c\udf3bTejido c\u00f3modo, suave y transpirable al ser 100% algod\u00f3n<\/strong><\/h3>\n<p>El corte es <strong>oversized<\/strong>, ofreciendo un estilo desenfadado que queda genial con pantalones ajustados, vaqueros o leggins. Tambi\u00e9n en \u00e9pocas de m\u00e1s fr\u00edo quedan muy bien por encima de una camiseta de manga larga ofreciendo un look a capas muy <em>aesthetic<\/em>.<\/p>\n<p>\u26a0\ufe0f<strong>Nota sobre la talla<\/strong>: es <strong>unisex<\/strong> y de <strong>talla \u00fanica<\/strong>, puedes ver las medidas en la \u00faltima foto. Al ser oversized las medidas son mayores a las habituales, rev\u00edsalas bien.<\/p>\n<h3><strong>\ud83c\udf3bUna compra solidaria<\/strong><\/h3>\n<p>En Mochopo no s\u00f3lo se venden cosas bonitas y dise\u00f1os cuquis. Al ser una tienda solidaria, una parte de los beneficios de esta camiseta de junimos es donada a una asociaci\u00f3n llamada <a href=\"https:\/\/gatossinhogar.com\/\">Homeless Cats<\/a> de M\u00e1laga. Esta asociaci\u00f3n ayuda a los gatos de la calle rescat\u00e1ndolos de situaciones de peligro, acogi\u00e9ndolos en casas seguras y busc\u00e1ndoles un nuevo hogar definitivo.<\/p>\n<p>Al comprar este producto, est\u00e1s ayudando directamente a que un gatito tenga una vida mejor.<\/p>\n<h3><strong>\ud83c\udf3bInstrucciones de Cuidado<\/strong><\/h3>\n<p>Para mantener a los junimos contentos durante mucho m\u00e1s tiempo y que el algod\u00f3n siga suave:<\/p>\n<ul>\n<li>Lava la prenda del rev\u00e9s.<\/li>\n<li>Usa agua fr\u00eda.<\/li>\n<li>Evita planchar directamente sobre el dise\u00f1o.<\/li>\n<\/ul>\n<h3><strong>\ud83c\udf3bRese\u00f1as y dudas<\/strong><\/h3>\n<p>Como esta p\u00e1gina web ha abierto tan recientemente, las rese\u00f1as escasean. Puedes ver algunas en la <a href=\"https:\/\/www.etsy.com\/shop\/Mochopo#reviews\">tienda de Etsy<\/a> que ten\u00eda abierta anteriormente. Adem\u00e1s puedes preguntarme lo que necesites saber a trav\u00e9s del <a href=\"https:\/\/mochopo.com\/en\/contacto\/\">formulario de contacto<\/a> o escribi\u00e9ndome por <a href=\"https:\/\/www.instagram.com\/mochopo_workshop\/\">Instagram<\/a>.<\/p>","protected":false},"excerpt":{"rendered":"<p>Camiseta oversized\u00a0 de manga corta inspirada en los junimos de Stardew Valley (\u00daLTIMAS UNIDADES)<\/p>","protected":false},"featured_media":409,"comment_status":"open","ping_status":"closed","template":"","meta":{"_eb_attr":"","site-sidebar-layout":"default","site-content-layout":"","ast-site-content-layout":"default","site-content-style":"default","site-sidebar-style":"default","ast-global-header-display":"","ast-banner-title-visibility":"","ast-main-header-display":"","ast-hfb-above-header-display":"","ast-hfb-below-header-display":"","ast-hfb-mobile-header-display":"","site-post-title":"","ast-breadcrumbs-content":"","ast-featured-img":"","footer-sml-layout":"","ast-disable-related-posts":"","theme-transparent-header-meta":"default","adv-header-id-meta":"","stick-header-meta":"","header-above-stick-meta":"","header-main-stick-meta":"","header-below-stick-meta":"","astra-migrate-meta-layouts":"set","ast-page-background-enabled":"default","ast-page-background-meta":{"desktop":{"background-color":"var(--ast-global-color-5)","background-image":"","background-repeat":"repeat","background-position":"center center","background-size":"auto","background-attachment":"scroll","background-type":"","background-media":"","overlay-type":"","overlay-color":"","overlay-opacity":"","overlay-gradient":""},"tablet":{"background-color":"","background-image":"","background-repeat":"repeat","background-position":"center center","background-size":"auto","background-attachment":"scroll","background-type":"","background-media":"","overlay-type":"","overlay-color":"","overlay-opacity":"","overlay-gradient":""},"mobile":{"background-color":"","background-image":"","background-repeat":"repeat","background-position":"center center","background-size":"auto","background-attachment":"scroll","background-type":"","background-media":"","overlay-type":"","overlay-color":"","overlay-opacity":"","overlay-gradient":""}},"ast-content-background-meta":{"desktop":{"background-color":"var(--ast-global-color-4)","background-image":"","background-repeat":"repeat","background-position":"center center","background-size":"auto","background-attachment":"scroll","background-type":"","background-media":"","overlay-type":"","overlay-color":"","overlay-opacity":"","overlay-gradient":""},"tablet":{"background-color":"var(--ast-global-color-4)","background-image":"","background-repeat":"repeat","background-position":"center center","background-size":"auto","background-attachment":"scroll","background-type":"","background-media":"","overlay-type":"","overlay-color":"","overlay-opacity":"","overlay-gradient":""},"mobile":{"background-color":"var(--ast-global-color-4)","background-image":"","background-repeat":"repeat","background-position":"center center","background-size":"auto","background-attachment":"scroll","background-type":"","background-media":"","overlay-type":"","overlay-color":"","overlay-opacity":"","overlay-gradient":""}}},"product_brand":[],"product_cat":[32,29,31,30],"product_tag":[37,49,33,35,36],"class_list":{"0":"post-406","1":"product","2":"type-product","3":"status-publish","4":"has-post-thumbnail","6":"product_cat-camisetas-ropa-y-accesorios","7":"product_cat-merch","8":"product_cat-ropa-y-accesorios","9":"product_cat-stardew-valley-merch","10":"product_tag-merch","11":"product_tag-outlet","12":"product_tag-ropa","13":"product_tag-stardew-valley","14":"product_tag-videojuegos","15":"desktop-align-left","16":"tablet-align-left","17":"mobile-align-left","19":"first","20":"instock","21":"sale","22":"shipping-taxable","23":"purchasable","24":"product-type-variable"},"aioseo_notices":[],"_links":{"self":[{"href":"https:\/\/mochopo.com\/en\/wp-json\/wp\/v2\/product\/406","targetHints":{"allow":["GET"]}}],"collection":[{"href":"https:\/\/mochopo.com\/en\/wp-json\/wp\/v2\/product"}],"about":[{"href":"https:\/\/mochopo.com\/en\/wp-json\/wp\/v2\/types\/product"}],"replies":[{"embeddable":true,"href":"https:\/\/mochopo.com\/en\/wp-json\/wp\/v2\/comments?post=406"}],"wp:featuredmedia":[{"embeddable":true,"href":"https:\/\/mochopo.com\/en\/wp-json\/wp\/v2\/media\/409"}],"wp:attachment":[{"href":"https:\/\/mochopo.com\/en\/wp-json\/wp\/v2\/media?parent=406"}],"wp:term":[{"taxonomy":"product_brand","embeddable":true,"href":"https:\/\/mochopo.com\/en\/wp-json\/wp\/v2\/product_brand?post=406"},{"taxonomy":"product_cat","embeddable":true,"href":"https:\/\/mochopo.com\/en\/wp-json\/wp\/v2\/product_cat?post=406"},{"taxonomy":"product_tag","embeddable":true,"href":"https:\/\/mochopo.com\/en\/wp-json\/wp\/v2\/product_tag?post=406"}],"curies":[{"name":"wp","href":"https:\/\/api.w.org\/{rel}","templated":true}]}}