{"id":1443,"date":"2026-03-02T13:20:16","date_gmt":"2026-03-02T13:20:16","guid":{"rendered":"https:\/\/mochopo.com\/?post_type=product&#038;p=1443"},"modified":"2026-03-02T13:21:39","modified_gmt":"2026-03-02T13:21:39","slug":"collar-sanrio-artesanal-hello-kitty","status":"publish","type":"product","link":"https:\/\/mochopo.com\/en\/product\/collar-sanrio-artesanal-hello-kitty\/","title":{"rendered":"Collar Sanrio artesanal &#8211; Hello Kitty"},"content":{"rendered":"<h3><strong>\ud83c\udf3bCollar Sanrio de Hello Kitty<\/strong><\/h3>\n<p>El collar Sanrio artesanal tiene como centro una Hello Kitty como charm acr\u00edlico dibujada por m\u00ed, el resto de cuentas son de vidrio. Lleva tiempo hacerlos, ya que por cada cuenta utilizo un trozo de metal al que le debo hacer los bucles con alicates para mantener la cuenta en su sitio y as\u00ed ir enganch\u00e1ndolos. Lo explico porque no todo el mundo sabe el trabajo artesanal que hay detr\u00e1s de hacer este tipo de joyer\u00eda, adem\u00e1s de crear el dise\u00f1o, comprar los materiales, etc. Estoy encantada de compartir el proceso si te interesa!!<\/p>\n<p>Puedes ver aqu\u00ed el <a href=\"https:\/\/mochopo.com\/en\/product-tag\/collar-sanrio\/\">resto de collares de Sanrio<\/a>.<\/p>\n<h3><strong>\ud83c\udf3bAlergias<\/strong><\/h3>\n<p>El metal utilizado es acero inoxidable 304.<\/p>\n<h3><strong>\ud83c\udf3bCuidados<\/strong><\/h3>\n<p>Para mantener tus pendientes artesanales tan lustrosos como el primer d\u00eda es necesario que los cuides. Aunque sean de acero inoxidable, pueden llegar a oxidarse si los expones constantemente a agua, humedad, qu\u00edmicos, etc. Puedes seguir estas sencillas pautas:<\/p>\n<ul>\n<li>No los mojes, o al menos no los sumerjas en agua.<\/li>\n<li>No les eches perfume directamente. Puedes ech\u00e1rtelo antes de pon\u00e9rtelos.<\/li>\n<li>No tires de ellos (son resistentes pero tampoco invencibles, especialmente si tienen muchos abalorios colgantes).<\/li>\n<li>No los expongas a calor extremo.<\/li>\n<\/ul>\n<h3><strong>\ud83c\udf3bUna compra solidaria<\/strong><\/h3>\n<p>En Mochopo no s\u00f3lo se venden cosas bonitas y dise\u00f1os cuquis. Al ser una tienda solidaria, una parte de los beneficios de este collar Sanrio es donada a una asociaci\u00f3n llamada <a href=\"https:\/\/gatossinhogar.com\/\">Homeless Cats<\/a> de M\u00e1laga. Esta asociaci\u00f3n ayuda a los gatos de la calle rescat\u00e1ndolos de situaciones de peligro, acogi\u00e9ndolos en casas seguras y busc\u00e1ndoles un nuevo hogar definitivo.<\/p>\n<p>Al comprar este producto, est\u00e1s ayudando directamente a que un gatito tenga una vida mejor.<\/p>\n<h3><strong>\ud83c\udf3bRese\u00f1as y dudas<\/strong><\/h3>\n<p>Como esta p\u00e1gina web ha abierto tan recientemente, las rese\u00f1as escasean. Puedes ver algunas en la <a href=\"https:\/\/www.etsy.com\/shop\/Mochopo#reviews\">tienda de Etsy<\/a> que ten\u00eda abierta anteriormente. Adem\u00e1s puedes preguntarme lo que necesites saber a trav\u00e9s del <a href=\"https:\/\/mochopo.com\/en\/contacto\/\">formulario de contacto<\/a> o escribi\u00e9ndome por <a href=\"https:\/\/www.instagram.com\/mochopo_workshop\/\">Instagram<\/a>.<\/p>","protected":false},"excerpt":{"rendered":"<p>Collar artesanal de vidrio y acero inoxidable<\/p>","protected":false},"featured_media":1444,"comment_status":"open","ping_status":"closed","template":"","meta":{"_eb_attr":"","site-sidebar-layout":"default","site-content-layout":"","ast-site-content-layout":"default","site-content-style":"default","site-sidebar-style":"default","ast-global-header-display":"","ast-banner-title-visibility":"","ast-main-header-display":"","ast-hfb-above-header-display":"","ast-hfb-below-header-display":"","ast-hfb-mobile-header-display":"","site-post-title":"","ast-breadcrumbs-content":"","ast-featured-img":"","footer-sml-layout":"","ast-disable-related-posts":"","theme-transparent-header-meta":"default","adv-header-id-meta":"","stick-header-meta":"","header-above-stick-meta":"","header-main-stick-meta":"","header-below-stick-meta":"","astra-migrate-meta-layouts":"set","ast-page-background-enabled":"default","ast-page-background-meta":{"desktop":{"background-color":"var(--ast-global-color-5)","background-image":"","background-repeat":"repeat","background-position":"center center","background-size":"auto","background-attachment":"scroll","background-type":"","background-media":"","overlay-type":"","overlay-color":"","overlay-opacity":"","overlay-gradient":""},"tablet":{"background-color":"","background-image":"","background-repeat":"repeat","background-position":"center center","background-size":"auto","background-attachment":"scroll","background-type":"","background-media":"","overlay-type":"","overlay-color":"","overlay-opacity":"","overlay-gradient":""},"mobile":{"background-color":"","background-image":"","background-repeat":"repeat","background-position":"center center","background-size":"auto","background-attachment":"scroll","background-type":"","background-media":"","overlay-type":"","overlay-color":"","overlay-opacity":"","overlay-gradient":""}},"ast-content-background-meta":{"desktop":{"background-color":"var(--ast-global-color-4)","background-image":"","background-repeat":"repeat","background-position":"center center","background-size":"auto","background-attachment":"scroll","background-type":"","background-media":"","overlay-type":"","overlay-color":"","overlay-opacity":"","overlay-gradient":""},"tablet":{"background-color":"var(--ast-global-color-4)","background-image":"","background-repeat":"repeat","background-position":"center center","background-size":"auto","background-attachment":"scroll","background-type":"","background-media":"","overlay-type":"","overlay-color":"","overlay-opacity":"","overlay-gradient":""},"mobile":{"background-color":"var(--ast-global-color-4)","background-image":"","background-repeat":"repeat","background-position":"center center","background-size":"auto","background-attachment":"scroll","background-type":"","background-media":"","overlay-type":"","overlay-color":"","overlay-opacity":"","overlay-gradient":""}}},"product_brand":[],"product_cat":[89,29,31,90],"product_tag":[87,91,92,37],"class_list":{"0":"post-1443","1":"product","2":"type-product","3":"status-publish","4":"has-post-thumbnail","6":"product_cat-collares","7":"product_cat-merch","8":"product_cat-ropa-y-accesorios","9":"product_cat-sanrio","10":"product_tag-artesanal","11":"product_tag-collar-sanrio","12":"product_tag-hello-kitty","13":"product_tag-merch","14":"desktop-align-left","15":"tablet-align-left","16":"mobile-align-left","18":"first","19":"instock","20":"shipping-taxable","21":"purchasable","22":"product-type-simple"},"aioseo_notices":[],"_links":{"self":[{"href":"https:\/\/mochopo.com\/en\/wp-json\/wp\/v2\/product\/1443","targetHints":{"allow":["GET"]}}],"collection":[{"href":"https:\/\/mochopo.com\/en\/wp-json\/wp\/v2\/product"}],"about":[{"href":"https:\/\/mochopo.com\/en\/wp-json\/wp\/v2\/types\/product"}],"replies":[{"embeddable":true,"href":"https:\/\/mochopo.com\/en\/wp-json\/wp\/v2\/comments?post=1443"}],"wp:featuredmedia":[{"embeddable":true,"href":"https:\/\/mochopo.com\/en\/wp-json\/wp\/v2\/media\/1444"}],"wp:attachment":[{"href":"https:\/\/mochopo.com\/en\/wp-json\/wp\/v2\/media?parent=1443"}],"wp:term":[{"taxonomy":"product_brand","embeddable":true,"href":"https:\/\/mochopo.com\/en\/wp-json\/wp\/v2\/product_brand?post=1443"},{"taxonomy":"product_cat","embeddable":true,"href":"https:\/\/mochopo.com\/en\/wp-json\/wp\/v2\/product_cat?post=1443"},{"taxonomy":"product_tag","embeddable":true,"href":"https:\/\/mochopo.com\/en\/wp-json\/wp\/v2\/product_tag?post=1443"}],"curies":[{"name":"wp","href":"https:\/\/api.w.org\/{rel}","templated":true}]}}