{"id":1435,"date":"2026-03-02T12:43:43","date_gmt":"2026-03-02T12:43:43","guid":{"rendered":"https:\/\/mochopo.com\/?post_type=product&#038;p=1435"},"modified":"2026-03-02T12:43:43","modified_gmt":"2026-03-02T12:43:43","slug":"pendientes-artesanales-medusa","status":"publish","type":"product","link":"https:\/\/mochopo.com\/en\/product\/pendientes-artesanales-medusa\/","title":{"rendered":"Pendientes artesanales de medusa"},"content":{"rendered":"<h3><strong>\ud83c\udf3bPendientes artesanales de medusa<\/strong><\/h3>\n<p>Est\u00e1 feo que lo diga pero ADORO estos pendientes artesanales. Las cuentas son de vidrio y la parte de arriba de la medusa es de cristal. Lleva tiempo hacerlos, ya que por cada cuenta utilizo un trozo de metal al que le debo hacer los bucles con alicates para mantener la cuenta en su sitio y as\u00ed ir enganch\u00e1ndolos. Lo explico porque no todo el mundo sabe el trabajo artesanal que hay detr\u00e1s de hacer este tipo de joyer\u00eda, adem\u00e1s de crear el dise\u00f1o, comprar los materiales, etc. Estoy encantada de compartir el proceso si te interesa!!<\/p>\n<h3><strong>\ud83c\udf3bAlergias<\/strong><\/h3>\n<p>El metal utilizado es acero inoxidable 304 salvo el enganche que es a\u00fan m\u00e1s hipoalerg\u00e9nico, de acero inoxidable de grado quir\u00fargico (316), pero tambi\u00e9n puedes pedirme que te lo cambie por un enganche de pl\u00e1stico eco-friendly en caso de que el acero inoxidable te d\u00e9 alergia. Puedes contactarme si necesitases que el enganche fuese de otro material, si lo tengo puedo cambi\u00e1rtelo, encarg\u00e1rtelo o bien anotarlo para tenerlo en cuenta en un futuro.<\/p>\n<h3><strong>\ud83c\udf3bCuidados<\/strong><\/h3>\n<p>Para mantener tus pendientes artesanales tan lustrosos como el primer d\u00eda es necesario que los cuides. Aunque sean de acero inoxidable, pueden llegar a oxidarse si los expones constantemente a agua, humedad, qu\u00edmicos, etc. Puedes seguir estas sencillas pautas:<\/p>\n<ul>\n<li>No los mojes, o al menos no los sumerjas en agua.<\/li>\n<li>No les eches perfume directamente. Puedes ech\u00e1rtelo antes de pon\u00e9rtelos.<\/li>\n<li>No tires de ellos (son resistentes pero tampoco invencibles, especialmente si tienen muchos abalorios colgantes).<\/li>\n<li>No los expongas a calor extremo.<\/li>\n<\/ul>\n<h3><strong>\ud83c\udf3bUna compra solidaria<\/strong><\/h3>\n<p>En Mochopo no s\u00f3lo se venden cosas bonitas y dise\u00f1os cuquis. Al ser una tienda solidaria, una parte de los beneficios de estos pendientes artesanales de medusa es donada a una asociaci\u00f3n llamada <a href=\"https:\/\/gatossinhogar.com\/\">Homeless Cats<\/a> de M\u00e1laga. Esta asociaci\u00f3n ayuda a los gatos de la calle rescat\u00e1ndolos de situaciones de peligro, acogi\u00e9ndolos en casas seguras y busc\u00e1ndoles un nuevo hogar definitivo.<\/p>\n<p>Al comprar este producto, est\u00e1s ayudando directamente a que un gatito tenga una vida mejor.<\/p>\n<h3><strong>\ud83c\udf3bRese\u00f1as y dudas<\/strong><\/h3>\n<p>Como esta p\u00e1gina web ha abierto tan recientemente, las rese\u00f1as escasean. Puedes ver algunas en la <a href=\"https:\/\/www.etsy.com\/shop\/Mochopo#reviews\">tienda de Etsy<\/a> que ten\u00eda abierta anteriormente. Adem\u00e1s puedes preguntarme lo que necesites saber a trav\u00e9s del <a href=\"https:\/\/mochopo.com\/en\/contacto\/\">formulario de contacto<\/a> o escribi\u00e9ndome por <a href=\"https:\/\/www.instagram.com\/mochopo_workshop\/\">Instagram<\/a>.<\/p>","protected":false},"excerpt":{"rendered":"<p>Pendientes artesanales de cristal y acero hipoalerg\u00e9nico<\/p>","protected":false},"featured_media":1436,"comment_status":"open","ping_status":"closed","template":"","meta":{"_eb_attr":"","site-sidebar-layout":"default","site-content-layout":"","ast-site-content-layout":"default","site-content-style":"default","site-sidebar-style":"default","ast-global-header-display":"","ast-banner-title-visibility":"","ast-main-header-display":"","ast-hfb-above-header-display":"","ast-hfb-below-header-display":"","ast-hfb-mobile-header-display":"","site-post-title":"","ast-breadcrumbs-content":"","ast-featured-img":"","footer-sml-layout":"","ast-disable-related-posts":"","theme-transparent-header-meta":"default","adv-header-id-meta":"","stick-header-meta":"","header-above-stick-meta":"","header-main-stick-meta":"","header-below-stick-meta":"","astra-migrate-meta-layouts":"set","ast-page-background-enabled":"default","ast-page-background-meta":{"desktop":{"background-color":"var(--ast-global-color-5)","background-image":"","background-repeat":"repeat","background-position":"center center","background-size":"auto","background-attachment":"scroll","background-type":"","background-media":"","overlay-type":"","overlay-color":"","overlay-opacity":"","overlay-gradient":""},"tablet":{"background-color":"","background-image":"","background-repeat":"repeat","background-position":"center center","background-size":"auto","background-attachment":"scroll","background-type":"","background-media":"","overlay-type":"","overlay-color":"","overlay-opacity":"","overlay-gradient":""},"mobile":{"background-color":"","background-image":"","background-repeat":"repeat","background-position":"center center","background-size":"auto","background-attachment":"scroll","background-type":"","background-media":"","overlay-type":"","overlay-color":"","overlay-opacity":"","overlay-gradient":""}},"ast-content-background-meta":{"desktop":{"background-color":"var(--ast-global-color-4)","background-image":"","background-repeat":"repeat","background-position":"center center","background-size":"auto","background-attachment":"scroll","background-type":"","background-media":"","overlay-type":"","overlay-color":"","overlay-opacity":"","overlay-gradient":""},"tablet":{"background-color":"var(--ast-global-color-4)","background-image":"","background-repeat":"repeat","background-position":"center center","background-size":"auto","background-attachment":"scroll","background-type":"","background-media":"","overlay-type":"","overlay-color":"","overlay-opacity":"","overlay-gradient":""},"mobile":{"background-color":"var(--ast-global-color-4)","background-image":"","background-repeat":"repeat","background-position":"center center","background-size":"auto","background-attachment":"scroll","background-type":"","background-media":"","overlay-type":"","overlay-color":"","overlay-opacity":"","overlay-gradient":""}}},"product_brand":[],"product_cat":[45,86,44,31],"product_tag":[87,88],"class_list":{"0":"post-1435","1":"product","2":"type-product","3":"status-publish","4":"has-post-thumbnail","6":"product_cat-animales","7":"product_cat-animales-marinos","8":"product_cat-pendientes","9":"product_cat-ropa-y-accesorios","10":"product_tag-artesanal","11":"product_tag-medusas","12":"desktop-align-left","13":"tablet-align-left","14":"mobile-align-left","16":"first","17":"instock","18":"shipping-taxable","19":"purchasable","20":"product-type-simple"},"aioseo_notices":[],"_links":{"self":[{"href":"https:\/\/mochopo.com\/en\/wp-json\/wp\/v2\/product\/1435","targetHints":{"allow":["GET"]}}],"collection":[{"href":"https:\/\/mochopo.com\/en\/wp-json\/wp\/v2\/product"}],"about":[{"href":"https:\/\/mochopo.com\/en\/wp-json\/wp\/v2\/types\/product"}],"replies":[{"embeddable":true,"href":"https:\/\/mochopo.com\/en\/wp-json\/wp\/v2\/comments?post=1435"}],"wp:featuredmedia":[{"embeddable":true,"href":"https:\/\/mochopo.com\/en\/wp-json\/wp\/v2\/media\/1436"}],"wp:attachment":[{"href":"https:\/\/mochopo.com\/en\/wp-json\/wp\/v2\/media?parent=1435"}],"wp:term":[{"taxonomy":"product_brand","embeddable":true,"href":"https:\/\/mochopo.com\/en\/wp-json\/wp\/v2\/product_brand?post=1435"},{"taxonomy":"product_cat","embeddable":true,"href":"https:\/\/mochopo.com\/en\/wp-json\/wp\/v2\/product_cat?post=1435"},{"taxonomy":"product_tag","embeddable":true,"href":"https:\/\/mochopo.com\/en\/wp-json\/wp\/v2\/product_tag?post=1435"}],"curies":[{"name":"wp","href":"https:\/\/api.w.org\/{rel}","templated":true}]}}