{"id":1423,"date":"2026-03-02T11:35:28","date_gmt":"2026-03-02T11:35:28","guid":{"rendered":"https:\/\/mochopo.com\/?post_type=product&#038;p=1423"},"modified":"2026-03-02T11:35:29","modified_gmt":"2026-03-02T11:35:29","slug":"print-overthinking","status":"publish","type":"product","link":"https:\/\/mochopo.com\/en\/product\/print-overthinking\/","title":{"rendered":"Print Overthinking &#8211; Ilustraci\u00f3n gato sobrepensando"},"content":{"rendered":"<h3><strong>\ud83c\udf3bPrint o ilustraci\u00f3n de un gato naranja sobrepensando (overthinking)<\/strong><\/h3>\n<p>Pobre gatito naranja, otra vez sobrepensando (overthinking), es f\u00e1cil identificarse con \u00e9l \u00bfverdad?<\/p>\n<p>\u26a0\ufe0f<strong>Nota: <\/strong>El tama\u00f1o de la ilustraci\u00f3n es de 15 x 18 cm. El material es papel estucado mate de 350 g\/m\u00b2<\/p>\n<h3><strong>\ud83c\udf3bUna compra solidaria<\/strong><\/h3>\n<p>En Mochopo no s\u00f3lo se venden cosas bonitas y dise\u00f1os cuquis. Al ser una tienda solidaria, una parte de los beneficios de esta ilustraci\u00f3n del gatito overthinking es donada a una asociaci\u00f3n llamada <a href=\"https:\/\/gatossinhogar.com\/\">Homeless Cats<\/a> de M\u00e1laga. Esta asociaci\u00f3n ayuda a los gatos de la calle rescat\u00e1ndolos de situaciones de peligro, acogi\u00e9ndolos en casas seguras y busc\u00e1ndoles un nuevo hogar definitivo.<\/p>\n<p>Al comprar este producto, est\u00e1s ayudando directamente a que un gatito tenga una vida mejor.<\/p>\n<h3><strong>\ud83c\udf3bRese\u00f1as y dudas<\/strong><\/h3>\n<p>Como esta p\u00e1gina web ha abierto tan recientemente, las rese\u00f1as escasean. Puedes ver algunas en la <a href=\"https:\/\/www.etsy.com\/shop\/Mochopo#reviews\">tienda de Etsy<\/a> que ten\u00eda abierta anteriormente. Adem\u00e1s puedes preguntarme lo que necesites saber a trav\u00e9s del <a href=\"https:\/\/mochopo.com\/en\/contacto\/\">formulario de contacto<\/a> o escribi\u00e9ndome por <a href=\"https:\/\/www.instagram.com\/mochopo_workshop\/\">Instagram<\/a>.<\/p>","protected":false},"excerpt":{"rendered":"<p>Ilustraci\u00f3n 15 x 18 cm del gato sobrepensador<\/p>","protected":false},"featured_media":1424,"comment_status":"open","ping_status":"closed","template":"","meta":{"_eb_attr":"","site-sidebar-layout":"default","site-content-layout":"","ast-site-content-layout":"default","site-content-style":"default","site-sidebar-style":"default","ast-global-header-display":"","ast-banner-title-visibility":"","ast-main-header-display":"","ast-hfb-above-header-display":"","ast-hfb-below-header-display":"","ast-hfb-mobile-header-display":"","site-post-title":"","ast-breadcrumbs-content":"","ast-featured-img":"","footer-sml-layout":"","ast-disable-related-posts":"","theme-transparent-header-meta":"default","adv-header-id-meta":"","stick-header-meta":"","header-above-stick-meta":"","header-main-stick-meta":"","header-below-stick-meta":"","astra-migrate-meta-layouts":"set","ast-page-background-enabled":"default","ast-page-background-meta":{"desktop":{"background-color":"var(--ast-global-color-5)","background-image":"","background-repeat":"repeat","background-position":"center center","background-size":"auto","background-attachment":"scroll","background-type":"","background-media":"","overlay-type":"","overlay-color":"","overlay-opacity":"","overlay-gradient":""},"tablet":{"background-color":"","background-image":"","background-repeat":"repeat","background-position":"center center","background-size":"auto","background-attachment":"scroll","background-type":"","background-media":"","overlay-type":"","overlay-color":"","overlay-opacity":"","overlay-gradient":""},"mobile":{"background-color":"","background-image":"","background-repeat":"repeat","background-position":"center center","background-size":"auto","background-attachment":"scroll","background-type":"","background-media":"","overlay-type":"","overlay-color":"","overlay-opacity":"","overlay-gradient":""}},"ast-content-background-meta":{"desktop":{"background-color":"var(--ast-global-color-4)","background-image":"","background-repeat":"repeat","background-position":"center center","background-size":"auto","background-attachment":"scroll","background-type":"","background-media":"","overlay-type":"","overlay-color":"","overlay-opacity":"","overlay-gradient":""},"tablet":{"background-color":"var(--ast-global-color-4)","background-image":"","background-repeat":"repeat","background-position":"center center","background-size":"auto","background-attachment":"scroll","background-type":"","background-media":"","overlay-type":"","overlay-color":"","overlay-opacity":"","overlay-gradient":""},"mobile":{"background-color":"var(--ast-global-color-4)","background-image":"","background-repeat":"repeat","background-position":"center center","background-size":"auto","background-attachment":"scroll","background-type":"","background-media":"","overlay-type":"","overlay-color":"","overlay-opacity":"","overlay-gradient":""}}},"product_brand":[],"product_cat":[45,46,65],"product_tag":[49],"class_list":{"0":"post-1423","1":"product","2":"type-product","3":"status-publish","4":"has-post-thumbnail","6":"product_cat-animales","7":"product_cat-gatos","8":"product_cat-ilustraciones","9":"product_tag-outlet","10":"desktop-align-left","11":"tablet-align-left","12":"mobile-align-left","14":"first","15":"instock","16":"sale","17":"shipping-taxable","18":"purchasable","19":"product-type-simple"},"aioseo_notices":[],"_links":{"self":[{"href":"https:\/\/mochopo.com\/en\/wp-json\/wp\/v2\/product\/1423","targetHints":{"allow":["GET"]}}],"collection":[{"href":"https:\/\/mochopo.com\/en\/wp-json\/wp\/v2\/product"}],"about":[{"href":"https:\/\/mochopo.com\/en\/wp-json\/wp\/v2\/types\/product"}],"replies":[{"embeddable":true,"href":"https:\/\/mochopo.com\/en\/wp-json\/wp\/v2\/comments?post=1423"}],"wp:featuredmedia":[{"embeddable":true,"href":"https:\/\/mochopo.com\/en\/wp-json\/wp\/v2\/media\/1424"}],"wp:attachment":[{"href":"https:\/\/mochopo.com\/en\/wp-json\/wp\/v2\/media?parent=1423"}],"wp:term":[{"taxonomy":"product_brand","embeddable":true,"href":"https:\/\/mochopo.com\/en\/wp-json\/wp\/v2\/product_brand?post=1423"},{"taxonomy":"product_cat","embeddable":true,"href":"https:\/\/mochopo.com\/en\/wp-json\/wp\/v2\/product_cat?post=1423"},{"taxonomy":"product_tag","embeddable":true,"href":"https:\/\/mochopo.com\/en\/wp-json\/wp\/v2\/product_tag?post=1423"}],"curies":[{"name":"wp","href":"https:\/\/api.w.org\/{rel}","templated":true}]}}