{"id":1374,"date":"2026-02-25T12:27:33","date_gmt":"2026-02-25T12:27:33","guid":{"rendered":"https:\/\/mochopo.com\/?post_type=product&#038;p=1374"},"modified":"2026-02-26T12:34:31","modified_gmt":"2026-02-26T12:34:31","slug":"peluche-benjamin-gato-aceituno","status":"publish","type":"product","link":"https:\/\/mochopo.com\/en\/product\/peluche-benjamin-gato-aceituno\/","title":{"rendered":"(PRE-VENTA) &#8211; Peluche llavero de Benjam\u00edn, el gato aceituno"},"content":{"rendered":"<h3>\ud83c\udf3b<strong>Peluche llavero de Benjam\u00edn<\/strong><\/h3>\n<p data-path-to-node=\"10\">\u00a1Ll\u00e9vate al gato aceituno a todas partes con este peluche llavero de Benjam\u00edn! Es muy suave y puede sacarse de su aceituna, aunque prefiere estar dentro de ella, <a href=\"https:\/\/mochopo.com\/en\/personajes\/#benjamin\">como ya sab\u00e9is<\/a>.<\/p>\n<p data-path-to-node=\"11\">Llev\u00e1is mucho tiempo queriendo que lo saque a la venta y aqu\u00ed lo ten\u00e9is. Al fin pod\u00e9is llevar al icono de Mochopo all\u00e1 donde quer\u00e1is.<\/p>\n<p data-path-to-node=\"12\"><span data-path-to-node=\"12\" data-index-in-node=\"0\">\u26a0\ufe0f<\/span><b data-path-to-node=\"12\" data-index-in-node=\"0\"> ATENCI\u00d3N: ART\u00cdCULO EN PRE-VENTA A PRECIO REDUCIDO<\/b> Este producto se encuentra actualmente en fase de reserva. Una vez cerrada la pre-venta, el tiempo estimado de producci\u00f3n y llegada a la tienda es de <b data-path-to-node=\"12\" data-index-in-node=\"254\">2 meses (estar\u00e1 disponible en marzo-abril)<\/b>. \u00a1Res\u00e9rvalo ahora para asegurar el tuyo! Como recompensa por comprarlo pronto, lo estar\u00e1s comprando a menor precio del que se pondr\u00e1 posteriormente en la web.<\/p>\n<h3>\ud83c\udf3b <b data-path-to-node=\"13\" data-index-in-node=\"0\">\u00bfQu\u00e9 tiene de especial este peluche<\/b><b data-path-to-node=\"13\" data-index-in-node=\"0\">?<\/b><\/h3>\n<ul data-path-to-node=\"14\">\n<li>\n<p data-path-to-node=\"14,1,0\"><b data-path-to-node=\"14,1,0\" data-index-in-node=\"0\">Dise\u00f1o original de personaje:<\/b> El gato aceituno es el icono oficial de Mochopo y el primer habitante de Villa Mochopo. Tiene una personalidad \u00fanica y un aspecto adorable. Benjam\u00edn es amado por todos los que me conoc\u00e9is y ahora podr\u00e1s tenerlo contigo.<\/p>\n<\/li>\n<li>\n<p data-path-to-node=\"14,2,0\"><b data-path-to-node=\"14,2,0\" data-index-in-node=\"0\">100% Vers\u00e1til: <\/b>Al tener un llavero, puedes usarlo tanto como decoraci\u00f3n en tu casa como para darle un toque \u00fanico a tus bolsos, bandoleras, tote bags o, si te gusta llevar llaves voluminosas, usarlo como llavero de verdad. A m\u00ed personalmente me encanta llevarlo enganchado en mi ropa y especialmente en mis tote bags. Adem\u00e1s, puedes quitarle la aceituna \u00a1e incluso vestirlo con lo que te apetezca!<\/p>\n<p>Nota: En la foto del prototipo aparece con un llavero cl\u00e1sico, pero el producto final tendr\u00e1 uno de mosquet\u00f3n.<\/li>\n<\/ul>\n<p data-path-to-node=\"15\">A\u00f1ade un toque dulce a tu <i data-path-to-node=\"15\" data-index-in-node=\"31\">outfit<\/i> con este peluche de dise\u00f1o propio. \u00a1Ideal para amantes de los gatos y la moda <i data-path-to-node=\"15\" data-index-in-node=\"114\">cozy, kawaii o kidcore.<\/i><\/p>\n<h3>\ud83c\udf3b<strong>Una compra solidaria<\/strong><\/h3>\n<p>En Mochopo no s\u00f3lo se venden cosas bonitas y dise\u00f1os cuquis. Al ser una tienda solidaria, una parte de los beneficios de este peluche de gato aceituno es donada a una asociaci\u00f3n llamada <a href=\"https:\/\/gatossinhogar.com\/\">Homeless Cats<\/a> de M\u00e1laga. Esta asociaci\u00f3n ayuda a los gatos de la calle rescat\u00e1ndolos de situaciones de peligro, acogi\u00e9ndolos en casas seguras y busc\u00e1ndoles un nuevo hogar definitivo.<\/p>\n<p>Al comprar este producto, est\u00e1s ayudando directamente a que un gatito tenga una vida mejor.<\/p>\n<h3>\ud83c\udf3b<strong>Rese\u00f1as y dudas<\/strong><\/h3>\n<p>Como esta p\u00e1gina web ha abierto tan recientemente, las rese\u00f1as escasean. Puedes ver algunas en la <a href=\"https:\/\/www.etsy.com\/shop\/Mochopo#reviews\">tienda de Etsy<\/a> que ten\u00eda abierta anteriormente. Adem\u00e1s puedes preguntarme lo que necesites saber a trav\u00e9s del <a href=\"https:\/\/mochopo.com\/en\/contacto\/\">formulario de contacto<\/a> o escribi\u00e9ndome por <a href=\"https:\/\/www.instagram.com\/mochopo_workshop\/\">Instagram<\/a>.<\/p>","protected":false},"excerpt":{"rendered":"<p>(PRE-VENTA) Peluche llavero de Benjam\u00edn, el gato aceituno<\/p>","protected":false},"featured_media":1377,"comment_status":"open","ping_status":"closed","template":"","meta":{"_eb_attr":"","site-sidebar-layout":"default","site-content-layout":"","ast-site-content-layout":"default","site-content-style":"default","site-sidebar-style":"default","ast-global-header-display":"","ast-banner-title-visibility":"","ast-main-header-display":"","ast-hfb-above-header-display":"","ast-hfb-below-header-display":"","ast-hfb-mobile-header-display":"","site-post-title":"","ast-breadcrumbs-content":"","ast-featured-img":"","footer-sml-layout":"","ast-disable-related-posts":"","theme-transparent-header-meta":"default","adv-header-id-meta":"","stick-header-meta":"","header-above-stick-meta":"","header-main-stick-meta":"","header-below-stick-meta":"","astra-migrate-meta-layouts":"set","ast-page-background-enabled":"default","ast-page-background-meta":{"desktop":{"background-color":"var(--ast-global-color-5)","background-image":"","background-repeat":"repeat","background-position":"center center","background-size":"auto","background-attachment":"scroll","background-type":"","background-media":"","overlay-type":"","overlay-color":"","overlay-opacity":"","overlay-gradient":""},"tablet":{"background-color":"","background-image":"","background-repeat":"repeat","background-position":"center center","background-size":"auto","background-attachment":"scroll","background-type":"","background-media":"","overlay-type":"","overlay-color":"","overlay-opacity":"","overlay-gradient":""},"mobile":{"background-color":"","background-image":"","background-repeat":"repeat","background-position":"center center","background-size":"auto","background-attachment":"scroll","background-type":"","background-media":"","overlay-type":"","overlay-color":"","overlay-opacity":"","overlay-gradient":""}},"ast-content-background-meta":{"desktop":{"background-color":"var(--ast-global-color-4)","background-image":"","background-repeat":"repeat","background-position":"center center","background-size":"auto","background-attachment":"scroll","background-type":"","background-media":"","overlay-type":"","overlay-color":"","overlay-opacity":"","overlay-gradient":""},"tablet":{"background-color":"var(--ast-global-color-4)","background-image":"","background-repeat":"repeat","background-position":"center center","background-size":"auto","background-attachment":"scroll","background-type":"","background-media":"","overlay-type":"","overlay-color":"","overlay-opacity":"","overlay-gradient":""},"mobile":{"background-color":"var(--ast-global-color-4)","background-image":"","background-repeat":"repeat","background-position":"center center","background-size":"auto","background-attachment":"scroll","background-type":"","background-media":"","overlay-type":"","overlay-color":"","overlay-opacity":"","overlay-gradient":""}}},"product_brand":[],"product_cat":[45,46,64],"product_tag":[57,56,48],"class_list":{"0":"post-1374","1":"product","2":"type-product","3":"status-publish","4":"has-post-thumbnail","6":"product_cat-animales","7":"product_cat-gatos","8":"product_cat-peluches","9":"product_tag-benjamin","10":"product_tag-gato-aceituno","11":"product_tag-original","12":"desktop-align-left","13":"tablet-align-left","14":"mobile-align-left","16":"first","17":"onbackorder","18":"sale","19":"shipping-taxable","20":"purchasable","21":"product-type-simple"},"aioseo_notices":[],"_links":{"self":[{"href":"https:\/\/mochopo.com\/en\/wp-json\/wp\/v2\/product\/1374","targetHints":{"allow":["GET"]}}],"collection":[{"href":"https:\/\/mochopo.com\/en\/wp-json\/wp\/v2\/product"}],"about":[{"href":"https:\/\/mochopo.com\/en\/wp-json\/wp\/v2\/types\/product"}],"replies":[{"embeddable":true,"href":"https:\/\/mochopo.com\/en\/wp-json\/wp\/v2\/comments?post=1374"}],"wp:featuredmedia":[{"embeddable":true,"href":"https:\/\/mochopo.com\/en\/wp-json\/wp\/v2\/media\/1377"}],"wp:attachment":[{"href":"https:\/\/mochopo.com\/en\/wp-json\/wp\/v2\/media?parent=1374"}],"wp:term":[{"taxonomy":"product_brand","embeddable":true,"href":"https:\/\/mochopo.com\/en\/wp-json\/wp\/v2\/product_brand?post=1374"},{"taxonomy":"product_cat","embeddable":true,"href":"https:\/\/mochopo.com\/en\/wp-json\/wp\/v2\/product_cat?post=1374"},{"taxonomy":"product_tag","embeddable":true,"href":"https:\/\/mochopo.com\/en\/wp-json\/wp\/v2\/product_tag?post=1374"}],"curies":[{"name":"wp","href":"https:\/\/api.w.org\/{rel}","templated":true}]}}