{"id":1172,"date":"2026-01-10T20:19:46","date_gmt":"2026-01-10T20:19:46","guid":{"rendered":"https:\/\/mochopo.com\/?post_type=product&#038;p=1172"},"modified":"2026-02-26T12:35:14","modified_gmt":"2026-02-26T12:35:14","slug":"bolso-peluso-gato-mandarino","status":"publish","type":"product","link":"https:\/\/mochopo.com\/en\/product\/bolso-peluso-gato-mandarino\/","title":{"rendered":"(PRE-SALE) Peluso (Mandarin Cat) Plush Handbag - Convertible Kawaii Shoulder Bag"},"content":{"rendered":"<h3>\ud83c\udf3b<strong>Bolso de peluche convertible<\/strong><\/h3>\n<p data-path-to-node=\"10\">\u00a1Por fin llega el bolso de peluche de <b data-path-to-node=\"10\" data-index-in-node=\"15\">Peluso! <\/b>El gato mandarino ha sido transformado en el accesorio m\u00e1s suave y <i data-path-to-node=\"10\" data-index-in-node=\"92\">kawaii<\/i> que puedas imaginar!<\/p>\n<p data-path-to-node=\"11\">Si buscas un <b data-path-to-node=\"11\" data-index-in-node=\"15\">bolso de peluche<\/b> \u00fanico que combine la est\u00e9tica <i data-path-to-node=\"11\" data-index-in-node=\"62\">cozy o kidcore<\/i> con la funcionalidad, este dise\u00f1o exclusivo de Mochopo es para ti.<\/p>\n<p data-path-to-node=\"12\"><span data-path-to-node=\"12\" data-index-in-node=\"0\">\u26a0\ufe0f<\/span><b data-path-to-node=\"12\" data-index-in-node=\"0\"> ATENCI\u00d3N: ART\u00cdCULO EN PRE-VENTA A PRECIO REDUCIDO<\/b> Este producto se encuentra actualmente en fase de reserva. Una vez cerrada la pre-venta, el tiempo estimado de producci\u00f3n y llegada a la tienda es de <b data-path-to-node=\"12\" data-index-in-node=\"254\">2 meses (estar\u00e1 disponible en marzo-abril)<\/b>. \u00a1Res\u00e9rvalo ahora para asegurar el tuyo! Como recompensa por comprarlo pronto, lo estar\u00e1s comprando a menor precio del que se pondr\u00e1 posteriormente en la web.<\/p>\n<h3>\ud83c\udf3b <b data-path-to-node=\"13\" data-index-in-node=\"0\">\u00bfPor qu\u00e9 te va a enamorar este bolso convertible?<\/b><\/h3>\n<ul data-path-to-node=\"14\">\n<li>\n<p data-path-to-node=\"14,0,0\"><b data-path-to-node=\"14,0,0\" data-index-in-node=\"0\">Material ultra suave:<\/b> El cuerpo del bolso est\u00e1 confeccionado en un tejido de <b data-path-to-node=\"14,0,0\" data-index-in-node=\"77\">peluche rosa pastel<\/b>, muy agradable al tacto.<\/p>\n<\/li>\n<li>\n<p data-path-to-node=\"14,1,0\"><b data-path-to-node=\"14,1,0\" data-index-in-node=\"0\">Dise\u00f1o original de personaje:<\/b> Peluso y los corazones decorativos est\u00e1n realizados en un tejido tambi\u00e9n suave, con bordado en los bordes para resaltar el dise\u00f1o del <b data-path-to-node=\"14,1,0\" data-index-in-node=\"168\">mandarin cat<\/b>.<\/p>\n<\/li>\n<li>\n<p data-path-to-node=\"14,2,0\"><b data-path-to-node=\"14,2,0\" data-index-in-node=\"0\">100% Vers\u00e1til (bandolera o bolso de mano):<\/b> \u00bfC\u00f3mo prefieres llevarlo?<\/p>\n<ul data-path-to-node=\"14,2,1\">\n<li>\n<p data-path-to-node=\"14,2,1,0,0\"><b data-path-to-node=\"14,2,1,0,0\" data-index-in-node=\"0\">Modo Mano:<\/b> Usa sus suaves asas de peluche para un look <i data-path-to-node=\"14,2,1,0,0\" data-index-in-node=\"55\">chic<\/i>.<\/p>\n<\/li>\n<li>\n<p data-path-to-node=\"14,2,1,1,0\"><b data-path-to-node=\"14,2,1,1,0\" data-index-in-node=\"0\">Modo Bandolera:<\/b> Incluye una <b data-path-to-node=\"14,2,1,1,0\" data-index-in-node=\"28\">correa ajustable de color naranja<\/b> que puedes poner y quitar f\u00e1cilmente gracias a sus enganches laterales.<br \/>\nNota: En la foto del prototipo no aparece esta tira, \u00a1pero el modelo final la incluir\u00e1!<\/p>\n<\/li>\n<\/ul>\n<\/li>\n<li>\n<p data-path-to-node=\"14,3,0\"><b data-path-to-node=\"14,3,0\" data-index-in-node=\"0\">Cierre de seguridad con botones:<\/b> Este bolso cuenta con <b data-path-to-node=\"14,3,0\" data-index-in-node=\"90\">3 botones met\u00e1licos<\/b> que permiten un cierre seguro pero flexible.<\/p>\n<ul data-path-to-node=\"14,3,1\">\n<li>\n<p data-path-to-node=\"14,3,1,0,0\"><i data-path-to-node=\"14,3,1,0,0\" data-index-in-node=\"0\">Tip:<\/i> Este sistema te permite esconder las asas de peluche dentro del bolso cuando usas la correa larga, o llevar objetos voluminosos que sobresalgan un poco sin forzar el cierre.<\/p>\n<\/li>\n<\/ul>\n<\/li>\n<li>\n<p data-path-to-node=\"14,4,0\"><b data-path-to-node=\"14,4,0\" data-index-in-node=\"0\">Organizaci\u00f3n:<\/b> A pesar de ser un <b data-path-to-node=\"14,4,0\" data-index-in-node=\"49\">bolso cuqui<\/b>, es muy pr\u00e1ctico. En su interior encontrar\u00e1s:<\/p>\n<ul data-path-to-node=\"14,4,1\">\n<li>\n<p data-path-to-node=\"14,4,1,0,0\">2 peque\u00f1os bolsillos abiertos para acceso r\u00e1pido.<\/p>\n<\/li>\n<li>\n<p data-path-to-node=\"14,4,1,1,0\">1 <b data-path-to-node=\"14,4,1,1,0\" data-index-in-node=\"2\">bolsillo con cremallera<\/b> para objetos de valor (m\u00f3vil, cartera, llaves).<\/p>\n<\/li>\n<\/ul>\n<\/li>\n<li>\n<p data-path-to-node=\"14,5,0\"><b data-path-to-node=\"14,5,0\" data-index-in-node=\"0\">Mandarina como regalo exclusivo:<\/b> Cada bolso incluye un <b data-path-to-node=\"14,5,0\" data-index-in-node=\"43\">llavero de mandarina de peluche <\/b>a juego (el que ves en la foto), perfecto para colgar en el asa o donde prefieras.<\/p>\n<\/li>\n<\/ul>\n<p data-path-to-node=\"15\">A\u00f1ade un toque dulce a tu <i data-path-to-node=\"15\" data-index-in-node=\"31\">outfit<\/i> con este bolso de dise\u00f1o propio. \u00a1Ideal para amantes de los gatos y la moda <i data-path-to-node=\"15\" data-index-in-node=\"114\">pastel goth, cozy, kawaii o kidcore (una est\u00e9tica que estoy abrazando mucho con Mochopo)<\/i>!<\/p>\n<h3>\ud83c\udf3b<strong>Una compra solidaria<\/strong><\/h3>\n<p>En Mochopo no s\u00f3lo se venden cosas bonitas y dise\u00f1os cuquis. Al ser una tienda solidaria, una parte de los beneficios de este bolso de gato mandarino es donada a una asociaci\u00f3n llamada <a href=\"https:\/\/gatossinhogar.com\/\">Homeless Cats<\/a> de M\u00e1laga. Esta asociaci\u00f3n ayuda a los gatos de la calle rescat\u00e1ndolos de situaciones de peligro, acogi\u00e9ndolos en casas seguras y busc\u00e1ndoles un nuevo hogar definitivo.<\/p>\n<p>Al comprar este producto, est\u00e1s ayudando directamente a que un gatito tenga una vida mejor.<\/p>\n<h3>\ud83c\udf3b<strong>Rese\u00f1as y dudas<\/strong><\/h3>\n<p>Como esta p\u00e1gina web ha abierto tan recientemente, las rese\u00f1as escasean. Puedes ver algunas en la <a href=\"https:\/\/www.etsy.com\/shop\/Mochopo#reviews\">tienda de Etsy<\/a> que ten\u00eda abierta anteriormente. Adem\u00e1s puedes preguntarme lo que necesites saber a trav\u00e9s del <a href=\"https:\/\/mochopo.com\/en\/contacto\/\">formulario de contacto<\/a> o escribi\u00e9ndome por <a href=\"https:\/\/www.instagram.com\/mochopo_workshop\/\">Instagram<\/a>.<\/p>","protected":false},"excerpt":{"rendered":"<p>(PRE-VENTA) Bolso convertible de peluche de Peluso, el gato mandarino<\/p>","protected":false},"featured_media":1371,"comment_status":"open","ping_status":"closed","template":"","meta":{"_eb_attr":"","site-sidebar-layout":"default","site-content-layout":"","ast-site-content-layout":"default","site-content-style":"default","site-sidebar-style":"default","ast-global-header-display":"","ast-banner-title-visibility":"","ast-main-header-display":"","ast-hfb-above-header-display":"","ast-hfb-below-header-display":"","ast-hfb-mobile-header-display":"","site-post-title":"","ast-breadcrumbs-content":"","ast-featured-img":"","footer-sml-layout":"","ast-disable-related-posts":"","theme-transparent-header-meta":"default","adv-header-id-meta":"","stick-header-meta":"","header-above-stick-meta":"","header-main-stick-meta":"","header-below-stick-meta":"","astra-migrate-meta-layouts":"set","ast-page-background-enabled":"default","ast-page-background-meta":{"desktop":{"background-color":"var(--ast-global-color-5)","background-image":"","background-repeat":"repeat","background-position":"center center","background-size":"auto","background-attachment":"scroll","background-type":"","background-media":"","overlay-type":"","overlay-color":"","overlay-opacity":"","overlay-gradient":""},"tablet":{"background-color":"","background-image":"","background-repeat":"repeat","background-position":"center center","background-size":"auto","background-attachment":"scroll","background-type":"","background-media":"","overlay-type":"","overlay-color":"","overlay-opacity":"","overlay-gradient":""},"mobile":{"background-color":"","background-image":"","background-repeat":"repeat","background-position":"center center","background-size":"auto","background-attachment":"scroll","background-type":"","background-media":"","overlay-type":"","overlay-color":"","overlay-opacity":"","overlay-gradient":""}},"ast-content-background-meta":{"desktop":{"background-color":"var(--ast-global-color-4)","background-image":"","background-repeat":"repeat","background-position":"center center","background-size":"auto","background-attachment":"scroll","background-type":"","background-media":"","overlay-type":"","overlay-color":"","overlay-opacity":"","overlay-gradient":""},"tablet":{"background-color":"var(--ast-global-color-4)","background-image":"","background-repeat":"repeat","background-position":"center center","background-size":"auto","background-attachment":"scroll","background-type":"","background-media":"","overlay-type":"","overlay-color":"","overlay-opacity":"","overlay-gradient":""},"mobile":{"background-color":"var(--ast-global-color-4)","background-image":"","background-repeat":"repeat","background-position":"center center","background-size":"auto","background-attachment":"scroll","background-type":"","background-media":"","overlay-type":"","overlay-color":"","overlay-opacity":"","overlay-gradient":""}}},"product_brand":[],"product_cat":[45,58,46,31],"product_tag":[59,61,49,60],"class_list":{"0":"post-1172","1":"product","2":"type-product","3":"status-publish","4":"has-post-thumbnail","6":"product_cat-animales","7":"product_cat-bolsos","8":"product_cat-gatos","9":"product_cat-ropa-y-accesorios","10":"product_tag-bolso-de-peluche","11":"product_tag-gato-mandarino","12":"product_tag-outlet","13":"product_tag-peluso","14":"desktop-align-left","15":"tablet-align-left","16":"mobile-align-left","18":"first","19":"onbackorder","20":"sale","21":"shipping-taxable","22":"purchasable","23":"product-type-simple"},"aioseo_notices":[],"_links":{"self":[{"href":"https:\/\/mochopo.com\/en\/wp-json\/wp\/v2\/product\/1172","targetHints":{"allow":["GET"]}}],"collection":[{"href":"https:\/\/mochopo.com\/en\/wp-json\/wp\/v2\/product"}],"about":[{"href":"https:\/\/mochopo.com\/en\/wp-json\/wp\/v2\/types\/product"}],"replies":[{"embeddable":true,"href":"https:\/\/mochopo.com\/en\/wp-json\/wp\/v2\/comments?post=1172"}],"wp:featuredmedia":[{"embeddable":true,"href":"https:\/\/mochopo.com\/en\/wp-json\/wp\/v2\/media\/1371"}],"wp:attachment":[{"href":"https:\/\/mochopo.com\/en\/wp-json\/wp\/v2\/media?parent=1172"}],"wp:term":[{"taxonomy":"product_brand","embeddable":true,"href":"https:\/\/mochopo.com\/en\/wp-json\/wp\/v2\/product_brand?post=1172"},{"taxonomy":"product_cat","embeddable":true,"href":"https:\/\/mochopo.com\/en\/wp-json\/wp\/v2\/product_cat?post=1172"},{"taxonomy":"product_tag","embeddable":true,"href":"https:\/\/mochopo.com\/en\/wp-json\/wp\/v2\/product_tag?post=1172"}],"curies":[{"name":"wp","href":"https:\/\/api.w.org\/{rel}","templated":true}]}}