{"id":3,"date":"2025-12-30T10:08:12","date_gmt":"2025-12-30T10:08:12","guid":{"rendered":"http:\/\/mochopo.com\/?page_id=3"},"modified":"2026-01-11T20:59:53","modified_gmt":"2026-01-11T20:59:53","slug":"privacy-policy","status":"publish","type":"page","link":"https:\/\/mochopo.com\/en\/privacy-policy\/","title":{"rendered":"Privacy Policy"},"content":{"rendered":"<h1 class=\"wp-block-heading\">Pol\u00edtica de privacidad de Mochopo<\/h1>\n\n\n\n<p>Esta Pol\u00edtica de Privacidad describe c\u00f3mo se recopila, utiliza y comparte tu informaci\u00f3n personal cuando visitas o realizas una compra en <a href=\"http:\/\/mochopo.com\/en\/\" title=\"\">mochopo.com<\/a><\/p>\n\n\n\n<h3 class=\"wp-block-heading\">QU\u00c9 INFORMACI\u00d3N PERSONAL RECOPILAMOS<\/h3>\n\n\n\n<p>Cuando visitas el Sitio, recopilamos autom\u00e1ticamente cierta informaci\u00f3n sobre tu dispositivo, incluida informaci\u00f3n sobre tu navegador web, direcci\u00f3n IP, zona horaria y algunas de las cookies que est\u00e1n instaladas en tu dispositivo.<\/p>\n\n\n\n<p>Adem\u00e1s, a medida que navegas por el Sitio, recopilamos informaci\u00f3n sobre las p\u00e1ginas web individuales o los productos que ves, qu\u00e9 sitios web o t\u00e9rminos de b\u00fasqueda te remiten al Sitio, e informaci\u00f3n sobre c\u00f3mo interact\u00faas con el Sitio. Nos referimos a esta informaci\u00f3n recopilada autom\u00e1ticamente como&nbsp;<strong>Informaci\u00f3n del Dispositivo<\/strong>.<\/p>\n\n\n\n<p>Recopilamos informaci\u00f3n del dispositivo utilizando las siguientes tecnolog\u00edas:<\/p>\n\n\n\n<ul class=\"wp-block-list\">\n<li><strong>Cookies<\/strong>: son archivos de datos que se colocan en tu dispositivo o computadora y con frecuencia incluyen un identificador \u00fanico an\u00f3nimo.<\/li>\n\n\n\n<li><strong>Archivos de registro<\/strong>: rastrean las acciones que ocurren en el Sitio y recopilan datos, incluida tu direcci\u00f3n IP, el tipo de navegador, el proveedor de servicios de Internet, las p\u00e1ginas de referencia\/salida y las marcas de fecha y hora.<\/li>\n<\/ul>\n\n\n\n<p><em>Menciona todas las dem\u00e1s herramientas de seguimiento y\/o tecnolog\u00edas que usa tu sitio web.<\/em><\/p>\n\n\n\n<p>Adem\u00e1s, cuando efect\u00faas una compra o intentas realizar una compra a trav\u00e9s del Sitio, recopilamos cierta informaci\u00f3n tuya, como tu nombre, direcci\u00f3n de facturaci\u00f3n, direcci\u00f3n de env\u00edo, informaci\u00f3n de pago, incluidos n\u00fameros de tarjetas de cr\u00e9dito (seg\u00fan el m\u00e9todo de pago tambi\u00e9n puede ser informaci\u00f3n de Apple Pay, Google Pay, cuenta bancaria o Klarna) direcci\u00f3n de email y el n\u00famero de tel\u00e9fono. Esto se denomina&nbsp;<strong>Informaci\u00f3n del Pedido<\/strong>.<\/p>\n\n\n\n<p>Al referirnos a&nbsp;<strong>Informaci\u00f3n Personal<\/strong>&nbsp;en esta Pol\u00edtica de Privacidad, estamos hablando tanto de la Informaci\u00f3n del Dispositivo como de la Informaci\u00f3n del Pedido.<\/p>\n\n\n\n<h3 class=\"wp-block-heading\">C\u00d3MO USAMOS TU INFORMACI\u00d3N PERSONAL<\/h3>\n\n\n\n<p>Utilizamos la Informaci\u00f3n de Pedido que recopilamos por lo general para cumplir con los pedidos realizados a trav\u00e9s del Sitio (incluido el procesamiento de tu informaci\u00f3n de pago, la organizaci\u00f3n del env\u00edo y el env\u00edo de facturas y\/o confirmaciones de pedidos).<\/p>\n\n\n\n<p>Adem\u00e1s, usamos esta Informaci\u00f3n del Pedido para: comunicarnos contigo, examinar nuestros pedidos para detectar posibles riesgos o fraudes, para (en l\u00ednea con las preferencias que has compartido con nosotros) ofrecerte informaci\u00f3n o publicidad relacionada con nuestros productos o servicios.<\/p>\n\n\n\n<p>Utilizamos la Informaci\u00f3n del Dispositivo que recopilamos para ayudarnos a detectar posibles riesgos y fraudes (en particular, tu direcci\u00f3n IP) y, en general, para mejorar y optimizar nuestro sitio.<\/p>\n\n\n\n<h3 class=\"wp-block-heading\">COMPARTIENDO TU INFORMACI\u00d3N PERSONAL<\/h3>\n\n\n\n<p>Compartimos tu Informaci\u00f3n Personal con terceros para ayudarnos a utilizarla como se describi\u00f3 anteriormente.<\/p>\n\n\n\n<p>Tambi\u00e9n empleamos Google Analytics para ayudarnos a comprender c\u00f3mo nuestros clientes usan Mochopo.&nbsp;<a href=\"https:\/\/www.google.com\/intl\/en\/policies\/privacy\/\" target=\"_blank\" rel=\"noreferrer noopener\">C\u00f3mo usa Google tu Informaci\u00f3n Personal.<\/a>.<\/p>\n\n\n\n<p>Adem\u00e1s empleamos CusRev (un servicio de rese\u00f1as independiente), con tu compra aceptas recibir recordatorios para valorar tu pedido.<\/p>\n\n\n\n<p>Finalmente, tambi\u00e9n podemos compartir tu Informaci\u00f3n Personal para cumplir con las leyes y regulaciones aplicables, para responder a una citaci\u00f3n, una orden de registro u otras solicitudes legales de informaci\u00f3n que recibimos, o para proteger nuestros derechos.<\/p>\n\n\n\n<h3 class=\"wp-block-heading\">PUBLICIDAD DE COMPORTAMIENTO<\/h3>\n\n\n\n<p>Utilizamos tu Informaci\u00f3n Personal para proporcionarte anuncios espec\u00edficos o comunicaciones de marketing que creemos que pueden ser de tu inter\u00e9s.<\/p>\n\n\n\n<ul class=\"wp-block-list\">\n<li><a href=\"https:\/\/www.facebook.com\/settings\/?tab=ads\" target=\"_blank\" rel=\"noreferrer noopener\">Facebook<\/a><\/li>\n\n\n\n<li><a href=\"https:\/\/www.instagram.com\/accounts\/edit\/\" target=\"_blank\" rel=\"noopener\" title=\"\">Instagram<\/a><\/li>\n\n\n\n<li><a href=\"https:\/\/www.google.com\/settings\/ads\/anonymous\" target=\"_blank\" rel=\"noreferrer noopener\">Google<\/a><\/li>\n<\/ul>\n\n\n\n<p>Puedes inhabilitar la publicidad dirigida.<\/p>\n\n\n\n<h3 class=\"wp-block-heading\">TUS DERECHOS<\/h3>\n\n\n\n<p>Si eres un residente europeo, tienes derecho a acceder a la informaci\u00f3n personal que tenemos sobre ti y a solicitar que tu informaci\u00f3n personal se corrija, actualice o elimine. Si deseas ejercer este derecho, por favor cont\u00e1ctanos.<\/p>\n\n\n\n<p>Adem\u00e1s, si eres un residente europeo, notamos que estamos procesando tu informaci\u00f3n para cumplir con los contratos que podr\u00edamos tener contigo (por ejemplo, si realizas un pedido a trav\u00e9s de Mochopo.com), o de otra manera para perseguir nuestros intereses comerciales leg\u00edtimos mencionados anteriormente.<\/p>\n\n\n\n<p>Ten en cuenta que tu informaci\u00f3n se transferir\u00e1 fuera de Europa, incluso a Canad\u00e1 y Estados Unidos.<\/p>\n\n\n\n<h3 class=\"wp-block-heading\">RETENCI\u00d3N DE DATOS<\/h3>\n\n\n\n<p>Cuando realices un pedido a trav\u00e9s de Mochopo.com, mantendremos tu Informaci\u00f3n de Pedido para nuestros registros a menos que y hasta que nos solicites eliminar esta informaci\u00f3n.<\/p>\n\n\n\n<h3 class=\"wp-block-heading\">CAMBIOS&nbsp;<\/h3>\n\n\n\n<p>Podemos actualizar esta pol\u00edtica de privacidad de vez en cuando para reflejar, por ejemplo, cambios en nuestras pr\u00e1cticas o por otras razones operativas, legales o reglamentarias.<\/p>\n\n\n\n<p>Si tiene preguntas y\/o necesitas m\u00e1s informaci\u00f3n, no dudes en ponerte en contacto con nosotros por email (<span \n                data-original-string='Ea3eqXgtYnhBnRmGC9Zumg==70eF8rWxNMOqSudjBOxI3+WKA0BC7u2ZwzdBdwNgDKBdgs='\n                class='apbct-email-encoder'\n                title='This contact has been encoded by Anti-Spam by CleanTalk. Click to decode. To finish the decoding make sure that JavaScript is enabled in your browser.'>ho<span class=\"apbct-blur\">**<\/span>@<span class=\"apbct-blur\">*****<\/span>po.com<\/span> o por WhatsApp +34 644331069).<\/p>\n\n\n\n<p><\/p>","protected":false},"excerpt":{"rendered":"<p>Pol\u00edtica de privacidad de Mochopo Esta Pol\u00edtica de Privacidad describe c\u00f3mo se recopila, utiliza y comparte tu informaci\u00f3n personal cuando visitas o realizas una compra en mochopo.com QU\u00c9 INFORMACI\u00d3N PERSONAL RECOPILAMOS Cuando visitas el Sitio, recopilamos autom\u00e1ticamente cierta informaci\u00f3n sobre tu dispositivo, incluida informaci\u00f3n sobre tu navegador web, direcci\u00f3n IP, zona horaria y algunas de las cookies que est\u00e1n instaladas en tu dispositivo. Adem\u00e1s, a medida que navegas por el Sitio, recopilamos informaci\u00f3n sobre las p\u00e1ginas web individuales o los productos que ves, qu\u00e9 sitios web o t\u00e9rminos de b\u00fasqueda te remiten al Sitio, e informaci\u00f3n sobre c\u00f3mo interact\u00faas con el Sitio. Nos referimos a esta informaci\u00f3n recopilada autom\u00e1ticamente como&nbsp;Informaci\u00f3n del Dispositivo. Recopilamos informaci\u00f3n del dispositivo utilizando las siguientes tecnolog\u00edas: Menciona todas las dem\u00e1s herramientas de seguimiento y\/o tecnolog\u00edas que usa tu sitio web. Adem\u00e1s, cuando efect\u00faas una compra o intentas realizar una compra a trav\u00e9s del Sitio, recopilamos cierta informaci\u00f3n tuya, como tu nombre, direcci\u00f3n de facturaci\u00f3n, direcci\u00f3n de env\u00edo, informaci\u00f3n de pago, incluidos n\u00fameros de tarjetas de cr\u00e9dito (seg\u00fan el m\u00e9todo de pago tambi\u00e9n puede ser informaci\u00f3n de Apple Pay, Google Pay, cuenta bancaria o Klarna) direcci\u00f3n de email y el n\u00famero de tel\u00e9fono. Esto se denomina&nbsp;Informaci\u00f3n del Pedido. Al referirnos a&nbsp;Informaci\u00f3n Personal&nbsp;en esta Pol\u00edtica de Privacidad, estamos hablando tanto de la Informaci\u00f3n del Dispositivo como de la Informaci\u00f3n del Pedido. C\u00d3MO USAMOS TU INFORMACI\u00d3N PERSONAL Utilizamos la Informaci\u00f3n de Pedido que recopilamos por lo general para cumplir con los pedidos realizados a trav\u00e9s del Sitio (incluido el procesamiento de tu informaci\u00f3n de pago, la organizaci\u00f3n del env\u00edo y el env\u00edo de facturas y\/o confirmaciones de pedidos). Adem\u00e1s, usamos esta Informaci\u00f3n del Pedido para: comunicarnos contigo, examinar nuestros pedidos para detectar posibles riesgos o fraudes, para (en l\u00ednea con las preferencias que has compartido con nosotros) ofrecerte informaci\u00f3n o publicidad relacionada con nuestros productos o servicios. Utilizamos la Informaci\u00f3n del Dispositivo que recopilamos para ayudarnos a detectar posibles riesgos y fraudes (en particular, tu direcci\u00f3n IP) y, en general, para mejorar y optimizar nuestro sitio. COMPARTIENDO TU INFORMACI\u00d3N PERSONAL Compartimos tu Informaci\u00f3n Personal con terceros para ayudarnos a utilizarla como se describi\u00f3 anteriormente. Tambi\u00e9n empleamos Google Analytics para ayudarnos a comprender c\u00f3mo nuestros clientes usan Mochopo.&nbsp;C\u00f3mo usa Google tu Informaci\u00f3n Personal.. Adem\u00e1s empleamos CusRev (un servicio de rese\u00f1as independiente), con tu compra aceptas recibir recordatorios para valorar tu pedido. Finalmente, tambi\u00e9n podemos compartir tu Informaci\u00f3n Personal para cumplir con las leyes y regulaciones aplicables, para responder a una citaci\u00f3n, una orden de registro u otras solicitudes legales de informaci\u00f3n que recibimos, o para proteger nuestros derechos. PUBLICIDAD DE COMPORTAMIENTO Utilizamos tu Informaci\u00f3n Personal para proporcionarte anuncios espec\u00edficos o comunicaciones de marketing que creemos que pueden ser de tu inter\u00e9s. Puedes inhabilitar la publicidad dirigida. TUS DERECHOS Si eres un residente europeo, tienes derecho a acceder a la informaci\u00f3n personal que tenemos sobre ti y a solicitar que tu informaci\u00f3n personal se corrija, actualice o elimine. Si deseas ejercer este derecho, por favor cont\u00e1ctanos. Adem\u00e1s, si eres un residente europeo, notamos que estamos procesando tu informaci\u00f3n para cumplir con los contratos que podr\u00edamos tener contigo (por ejemplo, si realizas un pedido a trav\u00e9s de Mochopo.com), o de otra manera para perseguir nuestros intereses comerciales leg\u00edtimos mencionados anteriormente. Ten en cuenta que tu informaci\u00f3n se transferir\u00e1 fuera de Europa, incluso a Canad\u00e1 y Estados Unidos. RETENCI\u00d3N DE DATOS Cuando realices un pedido a trav\u00e9s de Mochopo.com, mantendremos tu Informaci\u00f3n de Pedido para nuestros registros a menos que y hasta que nos solicites eliminar esta informaci\u00f3n. CAMBIOS&nbsp; Podemos actualizar esta pol\u00edtica de privacidad de vez en cuando para reflejar, por ejemplo, cambios en nuestras pr\u00e1cticas o por otras razones operativas, legales o reglamentarias. Si tiene preguntas y\/o necesitas m\u00e1s informaci\u00f3n, no dudes en ponerte en contacto con nosotros por email (ho**@*****po.com o por WhatsApp +34 644331069).<\/p>","protected":false},"author":1,"featured_media":0,"parent":0,"menu_order":0,"comment_status":"closed","ping_status":"closed","template":"","meta":{"_eb_attr":"","site-sidebar-layout":"default","site-content-layout":"","ast-site-content-layout":"default","site-content-style":"default","site-sidebar-style":"default","ast-global-header-display":"","ast-banner-title-visibility":"","ast-main-header-display":"","ast-hfb-above-header-display":"","ast-hfb-below-header-display":"","ast-hfb-mobile-header-display":"","site-post-title":"disabled","ast-breadcrumbs-content":"","ast-featured-img":"","footer-sml-layout":"","ast-disable-related-posts":"","theme-transparent-header-meta":"","adv-header-id-meta":"","stick-header-meta":"","header-above-stick-meta":"","header-main-stick-meta":"","header-below-stick-meta":"","astra-migrate-meta-layouts":"default","ast-page-background-enabled":"default","ast-page-background-meta":{"desktop":{"background-color":"var(--ast-global-color-5)","background-image":"","background-repeat":"repeat","background-position":"center center","background-size":"auto","background-attachment":"scroll","background-type":"","background-media":"","overlay-type":"","overlay-color":"","overlay-opacity":"","overlay-gradient":""},"tablet":{"background-color":"","background-image":"","background-repeat":"repeat","background-position":"center center","background-size":"auto","background-attachment":"scroll","background-type":"","background-media":"","overlay-type":"","overlay-color":"","overlay-opacity":"","overlay-gradient":""},"mobile":{"background-color":"","background-image":"","background-repeat":"repeat","background-position":"center center","background-size":"auto","background-attachment":"scroll","background-type":"","background-media":"","overlay-type":"","overlay-color":"","overlay-opacity":"","overlay-gradient":""}},"ast-content-background-meta":{"desktop":{"background-color":"var(--ast-global-color-4)","background-image":"","background-repeat":"repeat","background-position":"center center","background-size":"auto","background-attachment":"scroll","background-type":"","background-media":"","overlay-type":"","overlay-color":"","overlay-opacity":"","overlay-gradient":""},"tablet":{"background-color":"var(--ast-global-color-4)","background-image":"","background-repeat":"repeat","background-position":"center center","background-size":"auto","background-attachment":"scroll","background-type":"","background-media":"","overlay-type":"","overlay-color":"","overlay-opacity":"","overlay-gradient":""},"mobile":{"background-color":"var(--ast-global-color-4)","background-image":"","background-repeat":"repeat","background-position":"center center","background-size":"auto","background-attachment":"scroll","background-type":"","background-media":"","overlay-type":"","overlay-color":"","overlay-opacity":"","overlay-gradient":""}},"footnotes":""},"class_list":["post-3","page","type-page","status-publish","hentry"],"aioseo_notices":[],"_hostinger_reach_plugin_has_subscription_block":false,"_hostinger_reach_plugin_is_elementor":false,"_links":{"self":[{"href":"https:\/\/mochopo.com\/en\/wp-json\/wp\/v2\/pages\/3","targetHints":{"allow":["GET"]}}],"collection":[{"href":"https:\/\/mochopo.com\/en\/wp-json\/wp\/v2\/pages"}],"about":[{"href":"https:\/\/mochopo.com\/en\/wp-json\/wp\/v2\/types\/page"}],"author":[{"embeddable":true,"href":"https:\/\/mochopo.com\/en\/wp-json\/wp\/v2\/users\/1"}],"replies":[{"embeddable":true,"href":"https:\/\/mochopo.com\/en\/wp-json\/wp\/v2\/comments?post=3"}],"version-history":[{"count":5,"href":"https:\/\/mochopo.com\/en\/wp-json\/wp\/v2\/pages\/3\/revisions"}],"predecessor-version":[{"id":1263,"href":"https:\/\/mochopo.com\/en\/wp-json\/wp\/v2\/pages\/3\/revisions\/1263"}],"wp:attachment":[{"href":"https:\/\/mochopo.com\/en\/wp-json\/wp\/v2\/media?parent=3"}],"curies":[{"name":"wp","href":"https:\/\/api.w.org\/{rel}","templated":true}]}}