{"id":129,"date":"2026-01-01T16:17:16","date_gmt":"2026-01-01T16:17:16","guid":{"rendered":"https:\/\/mochopo.com\/?page_id=129"},"modified":"2026-01-11T08:36:48","modified_gmt":"2026-01-11T08:36:48","slug":"contacto","status":"publish","type":"page","link":"https:\/\/mochopo.com\/en\/contacto\/","title":{"rendered":"Contact"},"content":{"rendered":"<div data-elementor-type=\"wp-page\" data-elementor-id=\"129\" class=\"elementor elementor-129\">\n\t\t\t\t<div class=\"elementor-element elementor-element-62e1cd9 e-flex e-con-boxed wpr-particle-no wpr-jarallax-no wpr-parallax-no wpr-sticky-section-no e-con e-parent\" data-id=\"62e1cd9\" data-element_type=\"container\">\n\t\t\t\t\t<div class=\"e-con-inner\">\n\t\t\t\t<div class=\"elementor-element elementor-element-e6b5765 elementor-widget elementor-widget-text-editor\" data-id=\"e6b5765\" data-element_type=\"widget\" data-widget_type=\"text-editor.default\">\n\t\t\t\t\t\t\t\t\t<p>\u00a1Hola! Soy Carmen. Normalmente estoy <span style=\"color: #339966;\"><a style=\"color: #339966;\" href=\"http:\/\/gatossinhogar.com\">cuidando gatitos<\/a><\/span>, dise\u00f1ando o empaquetando pedidos, pero intento responder a\u00a0 los mensajes en menos de 24\/48h \u0e05\u1a10\u0e05<br \/>Puedes escribirme directamente por email a <span \n                data-original-string='tuglrVy9Y5VT22ucj5p2mA==70e50+16+WSnEgk9sYc7XPC8qnH+dbPrAXzvtVBXqy2DOQ='\n                class='apbct-email-encoder'\n                title='This contact has been encoded by Anti-Spam by CleanTalk. Click to decode. To finish the decoding make sure that JavaScript is enabled in your browser.'>ho<span class=\"apbct-blur\">**<\/span>@<span class=\"apbct-blur\">*****<\/span>po.com<\/span> o rellenar el formulario de contacto que hay m\u00e1s abajo.<br \/>Si prefieres contactar por redes tambi\u00e9n puedes escribirme por Instagram o WhatsApp d\u00e1ndole a uno de los botones de abajo. El WhatsApp es el mismo que uso para la asociaci\u00f3n <span style=\"color: #339966;\"><a style=\"color: #339966;\" href=\"http:\/\/gatossinhogar.com\">Homeless Cats<\/a><\/span>, no te preocupes por el mensaje autom\u00e1tico que salta cuando me escribes.<\/p>\t\t\t\t\t\t\t\t<\/div>\n\t\t\t\t<div class=\"elementor-element elementor-element-3bc5e5b elementor-shape-rounded elementor-grid-0 e-grid-align-center elementor-widget elementor-widget-social-icons\" data-id=\"3bc5e5b\" data-element_type=\"widget\" data-widget_type=\"social-icons.default\">\n\t\t\t\t\t\t\t<div class=\"elementor-social-icons-wrapper elementor-grid\" role=\"list\">\n\t\t\t\t\t\t\t<span class=\"elementor-grid-item\" role=\"listitem\">\n\t\t\t\t\t<a class=\"elementor-icon elementor-social-icon elementor-social-icon-instagram elementor-repeater-item-d947988\" href=\"https:\/\/www.instagram.com\/mochopo_workshop\/\" target=\"_blank\">\n\t\t\t\t\t\t<span class=\"elementor-screen-only\">Instagram<\/span>\n\t\t\t\t\t\t<svg aria-hidden=\"true\" class=\"e-font-icon-svg e-fab-instagram\" viewbox=\"0 0 448 512\" xmlns=\"http:\/\/www.w3.org\/2000\/svg\"><path d=\"M224.1 141c-63.6 0-114.9 51.3-114.9 114.9s51.3 114.9 114.9 114.9S339 319.5 339 255.9 287.7 141 224.1 141zm0 189.6c-41.1 0-74.7-33.5-74.7-74.7s33.5-74.7 74.7-74.7 74.7 33.5 74.7 74.7-33.6 74.7-74.7 74.7zm146.4-194.3c0 14.9-12 26.8-26.8 26.8-14.9 0-26.8-12-26.8-26.8s12-26.8 26.8-26.8 26.8 12 26.8 26.8zm76.1 27.2c-1.7-35.9-9.9-67.7-36.2-93.9-26.2-26.2-58-34.4-93.9-36.2-37-2.1-147.9-2.1-184.9 0-35.8 1.7-67.6 9.9-93.9 36.1s-34.4 58-36.2 93.9c-2.1 37-2.1 147.9 0 184.9 1.7 35.9 9.9 67.7 36.2 93.9s58 34.4 93.9 36.2c37 2.1 147.9 2.1 184.9 0 35.9-1.7 67.7-9.9 93.9-36.2 26.2-26.2 34.4-58 36.2-93.9 2.1-37 2.1-147.8 0-184.8zM398.8 388c-7.8 19.6-22.9 34.7-42.6 42.6-29.5 11.7-99.5 9-132.1 9s-102.7 2.6-132.1-9c-19.6-7.8-34.7-22.9-42.6-42.6-11.7-29.5-9-99.5-9-132.1s-2.6-102.7 9-132.1c7.8-19.6 22.9-34.7 42.6-42.6 29.5-11.7 99.5-9 132.1-9s102.7-2.6 132.1 9c19.6 7.8 34.7 22.9 42.6 42.6 11.7 29.5 9 99.5 9 132.1s2.7 102.7-9 132.1z\"><\/path><\/svg>\t\t\t\t\t<\/a>\n\t\t\t\t<\/span>\n\t\t\t\t\t\t\t<span class=\"elementor-grid-item\" role=\"listitem\">\n\t\t\t\t\t<a class=\"elementor-icon elementor-social-icon elementor-social-icon-whatsapp elementor-repeater-item-6690543\" href=\"https:\/\/wa.me\/644331069\" target=\"_blank\">\n\t\t\t\t\t\t<span class=\"elementor-screen-only\">Whatsapp<\/span>\n\t\t\t\t\t\t<svg aria-hidden=\"true\" class=\"e-font-icon-svg e-fab-whatsapp\" viewbox=\"0 0 448 512\" xmlns=\"http:\/\/www.w3.org\/2000\/svg\"><path d=\"M380.9 97.1C339 55.1 283.2 32 223.9 32c-122.4 0-222 99.6-222 222 0 39.1 10.2 77.3 29.6 111L0 480l117.7-30.9c32.4 17.7 68.9 27 106.1 27h.1c122.3 0 224.1-99.6 224.1-222 0-59.3-25.2-115-67.1-157zm-157 341.6c-33.2 0-65.7-8.9-94-25.7l-6.7-4-69.8 18.3L72 359.2l-4.4-7c-18.5-29.4-28.2-63.3-28.2-98.2 0-101.7 82.8-184.5 184.6-184.5 49.3 0 95.6 19.2 130.4 54.1 34.8 34.9 56.2 81.2 56.1 130.5 0 101.8-84.9 184.6-186.6 184.6zm101.2-138.2c-5.5-2.8-32.8-16.2-37.9-18-5.1-1.9-8.8-2.8-12.5 2.8-3.7 5.6-14.3 18-17.6 21.8-3.2 3.7-6.5 4.2-12 1.4-32.6-16.3-54-29.1-75.5-66-5.7-9.8 5.7-9.1 16.3-30.3 1.8-3.7.9-6.9-.5-9.7-1.4-2.8-12.5-30.1-17.1-41.2-4.5-10.8-9.1-9.3-12.5-9.5-3.2-.2-6.9-.2-10.6-.2-3.7 0-9.7 1.4-14.8 6.9-5.1 5.6-19.4 19-19.4 46.3 0 27.3 19.9 53.7 22.6 57.4 2.8 3.7 39.1 59.7 94.8 83.8 35.2 15.2 49 16.5 66.6 13.9 10.7-1.6 32.8-13.4 37.4-26.4 4.6-13 4.6-24.1 3.2-26.4-1.3-2.5-5-3.9-10.5-6.6z\"><\/path><\/svg>\t\t\t\t\t<\/a>\n\t\t\t\t<\/span>\n\t\t\t\t\t<\/div>\n\t\t\t\t\t\t<\/div>\n\t\t\t\t<div class=\"elementor-element elementor-element-c1dc32d elementor-widget elementor-widget-heading\" data-id=\"c1dc32d\" data-element_type=\"widget\" data-widget_type=\"heading.default\">\n\t\t\t\t\t<h2 class=\"elementor-heading-title elementor-size-default\">Formulario de contacto<\/h2>\t\t\t\t<\/div>\n\t\t\t\t<div class=\"elementor-element elementor-element-2b28328 wpr-step-type-text form wpr-step-content-layout-vertical wpr-custom-styles-yes elementor-widget elementor-widget-wpr-form-builder\" data-id=\"2b28328\" data-element_type=\"widget\" id=\"form\" data-settings=\"{&quot;success_message&quot;:&quot;Mensaje enviado con \\u00e9xito, \\u00a1gracias!&quot;,&quot;error_message&quot;:&quot;Ha habido un error al enviar el mensaje&quot;,&quot;step_type&quot;:&quot;text&quot;,&quot;button_width&quot;:{&quot;unit&quot;:&quot;%&quot;,&quot;size&quot;:100,&quot;sizes&quot;:[]},&quot;button_width_tablet&quot;:{&quot;unit&quot;:&quot;px&quot;,&quot;size&quot;:&quot;&quot;,&quot;sizes&quot;:[]},&quot;button_width_mobile&quot;:{&quot;unit&quot;:&quot;px&quot;,&quot;size&quot;:&quot;&quot;,&quot;sizes&quot;:[]},&quot;step_content_layout&quot;:&quot;vertical&quot;}\" data-widget_type=\"wpr-form-builder.default\">\n\t\t\t\t\t\t\t<form class=\"wpr-form\" method=\"post\" name=\"Contact form\" page=\"Contacto\" page_id=\"129\" novalidate action=\"\">\n\t\t\t<input type=\"hidden\" name=\"post_id\" value=\"129\"\/>\n\t\t\t<input type=\"hidden\" name=\"form_id\" value=\"2b28328\"\/>\n\t\t\t<input type=\"hidden\" name=\"referer_title\" value=\"\" \/>\n\n\t\t\t<div class=\"wpr-step-wrap\"><\/div>\n\t\t\t<div class=\"wpr-form-fields-wrap wpr-labels-above\">\n\t\t\t\t\t\t\t\t\t<div class=\"wpr-form-field-type-text wpr-field-group wpr-column wpr-field-group-name elementor-repeater-item-f92e519 wpr-form-field-required wpr-required-mark\">\n\t\t\t\t\t\t\t\t\t\t\t\t\t\t<label for=\"form-field-name\" class=\"wpr-form-field-label\" data-alt-label=\"Nombre\">\n\t\t\t\t\t\t\t\t\tNombre\t\t\t\t\t\t\t\t<\/label>\n\t\t\t\t\t\t\t<input size=\"1 \"type=\"text\" name=\"form_fields[name]\" id=\"form-field-name\" class=\"wpr-form-field  wpr-form-field-textual\" placeholder=\"Tu nombre\" required=\"required\" aria-required=\"true\">\t\t\t\t\t<\/div>\n\t\t\t\t\t\t\t\t\t<div class=\"wpr-form-field-type-email wpr-field-group wpr-column wpr-field-group-email elementor-repeater-item-7f14695 wpr-form-field-required wpr-required-mark\">\n\t\t\t\t\t\t\t\t\t\t\t\t\t\t<label for=\"form-field-email\" class=\"wpr-form-field-label\" data-alt-label=\"Email\">\n\t\t\t\t\t\t\t\t\tEmail\t\t\t\t\t\t\t\t<\/label>\n\t\t\t\t\t\t\t<input size=\"1 \"type=\"email\" name=\"form_fields[email]\" id=\"form-field-email\" class=\"wpr-form-field  wpr-form-field-textual\" placeholder=\"Tu email\" required=\"required\" aria-required=\"true\">\t\t\t\t\t<\/div>\n\t\t\t\t\t\t\t\t\t<div class=\"wpr-form-field-type-textarea wpr-field-group wpr-column wpr-field-group-message elementor-repeater-item-98bf2c3 wpr-form-field-required wpr-required-mark\">\n\t\t\t\t\t\t\t\t\t\t\t\t\t\t<label for=\"form-field-message\" class=\"wpr-form-field-label\" data-alt-label=\"Mensaje\">\n\t\t\t\t\t\t\t\t\tMensaje\t\t\t\t\t\t\t\t<\/label>\n\t\t\t\t\t\t\t<textarea class=\"wpr-form-field-textual wpr-form-field\" name=\"form_fields[message]\" id=\"form-field-message\" rows=\"7\" placeholder=\"\u00bfEn qu\u00e9 puedo ayudarte?\" required=\"required\" aria-required=\"true\"><\/textarea>\t\t\t\t\t<\/div>\n\t\t\t\t<div class=\"wpr-field-group wpr-stp-btns-wrap wpr-column wpr-form-field-type-submit\" data-actions=\"[&quot;email&quot;]\" data-redirect-url=\"\" data-mailchimp-fields=\"{&quot;email_field&quot;:&quot;&quot;,&quot;first_name_field&quot;:&quot;&quot;,&quot;last_name_field&quot;:&quot;&quot;,&quot;address_field&quot;:&quot;&quot;,&quot;phone_field&quot;:&quot;&quot;,&quot;birthday_field&quot;:&quot;&quot;,&quot;group_id&quot;:&quot;&quot;}\" data-list-id=\"\">\t\t\t<button type=\"submit\" class=\"wpr-button\">\n\t\t\t\t<span >\n\t\t\t\t\t\t\t\t\t\t\t\t\t\t\t\t<span>Enviar<\/span>\n\t\t\t\t\t\t\t\t\t\t\t\t\t\t<\/span>\t\n\t\t\t\t<div class=\"wpr-double-bounce wpr-loader-hidden\">\n\t\t\t\t\t<div class=\"wpr-child wpr-double-bounce1\"><\/div>\n\t\t\t\t\t<div class=\"wpr-child wpr-double-bounce2\"><\/div>\n\t\t\t\t<\/div>\n\t\t\t<\/button>\n\t\t<\/div>\t\t\t\t\n\t\t\t<\/div>\n\t\t<input\n                    class=\"apbct_special_field apbct_email_id__elementor_form\"\n                    name=\"apbct__email_id__elementor_form\"\n                    aria-label=\"apbct__label_id__elementor_form\"\n                    type=\"text\" size=\"30\" maxlength=\"200\" autocomplete=\"off\"\n                    value=\"\"\n                \/><input type=\"hidden\" name=\"trp-form-language\" value=\"en\"\/><\/form>\n\t  \t\t\t\t<\/div>\n\t\t\t\t\t<\/div>\n\t\t\t\t<\/div>\n\t\t<div class=\"elementor-element elementor-element-aad6203 e-flex e-con-boxed wpr-particle-no wpr-jarallax-no wpr-parallax-no wpr-sticky-section-no e-con e-parent\" data-id=\"aad6203\" data-element_type=\"container\">\n\t\t\t\t\t<div class=\"e-con-inner\">\n\t\t\t\t<div class=\"elementor-element elementor-element-7fae83c elementor-widget-divider--separator-type-pattern elementor-widget-divider--no-spacing elementor-widget-divider--view-line elementor-widget elementor-widget-divider\" data-id=\"7fae83c\" data-element_type=\"widget\" data-widget_type=\"divider.default\">\n\t\t\t\t\t\t\t<div class=\"elementor-divider\" style=\"--divider-pattern-url: url(&quot;data:image\/svg+xml,%3Csvg xmlns=&#039;http:\/\/www.w3.org\/2000\/svg&#039; preserveAspectRatio=&#039;xMidYMid meet&#039; overflow=&#039;visible&#039; height=&#039;100%&#039; viewBox=&#039;0 0 126 26&#039; fill=&#039;black&#039; stroke=&#039;none&#039;%3E%3Cpath d=&#039;M10.7,6l2.5,2.6l-4,4.3l4,5.4l-2.5,1.9l-4.5-5.2l-3.9,4.2L0.7,17L4,13.1L0,8.6l2.3-1.3l3.9,3.9L10.7,6z M23.9,6.6l4.2,4.5L32,7.2l2.3,1.3l-4,4.5l3.2,3.9L32,19.1l-3.9-3.3l-4.5,4.3l-2.5-1.9l4.4-5.1l-4.2-3.9L23.9,6.6zM73.5,6L76,8.6l-4,4.3l4,5.4l-2.5,1.9l-4.5-5.2l-3.9,4.2L63.5,17l4.1-4.7L63.5,8l2.3-1.3l4.1,3.6L73.5,6z M94,6l2.5,2.6l-4,4.3l4,5.4L94,20.1l-3.9-5l-3.9,4.2L84,17l3.2-3.9L84,8.6l2.3-1.3l3.2,3.9L94,6z M106.9,6l4.5,5.1l3.9-3.9l2.3,1.3l-4,4.5l3.2,3.9l-1.6,2.1l-3.9-4.2l-4.5,5.2l-2.5-1.9l4-5.4l-4-4.3L106.9,6z M53.1,6l2.5,2.6l-4,4.3l4,4.6l-2.5,1.9l-4.5-4.5l-3.5,4.5L43.1,17l3.2-3.9l-4-4.5l2.3-1.3l3.9,3.9L53.1,6z&#039;\/%3E%3C\/svg%3E&quot;);\">\n\t\t\t<span class=\"elementor-divider-separator\">\n\t\t\t\t\t\t<\/span>\n\t\t<\/div>\n\t\t\t\t\t\t<\/div>\n\t\t\t\t\t<\/div>\n\t\t\t\t<\/div>\n\t\t\t\t<\/div>","protected":false},"excerpt":{"rendered":"<p>\u00a1Hola! Soy Carmen. Normalmente estoy cuidando gatitos, dise\u00f1ando o empaquetando pedidos, pero intento responder a\u00a0 los mensajes en menos de 24\/48h \u0e05\u1a10\u0e05Puedes escribirme directamente por email a ho**@*****po.com o rellenar el formulario de contacto que hay m\u00e1s abajo.Si prefieres contactar por redes tambi\u00e9n puedes escribirme por Instagram o WhatsApp d\u00e1ndole a uno de los botones de abajo. El WhatsApp es el mismo que uso para la asociaci\u00f3n Gatos Sin Hogar, no te preocupes por el mensaje autom\u00e1tico que salta cuando me escribes. Instagram Whatsapp Formulario de contacto Nombre Email Mensaje Enviar<\/p>","protected":false},"author":1,"featured_media":0,"parent":0,"menu_order":0,"comment_status":"closed","ping_status":"closed","template":"","meta":{"_eb_attr":"","site-sidebar-layout":"no-sidebar","site-content-layout":"","ast-site-content-layout":"full-width-container","site-content-style":"default","site-sidebar-style":"default","ast-global-header-display":"","ast-banner-title-visibility":"","ast-main-header-display":"","ast-hfb-above-header-display":"","ast-hfb-below-header-display":"","ast-hfb-mobile-header-display":"","site-post-title":"disabled","ast-breadcrumbs-content":"","ast-featured-img":"disabled","footer-sml-layout":"","ast-disable-related-posts":"","theme-transparent-header-meta":"","adv-header-id-meta":"","stick-header-meta":"","header-above-stick-meta":"","header-main-stick-meta":"","header-below-stick-meta":"","astra-migrate-meta-layouts":"default","ast-page-background-enabled":"default","ast-page-background-meta":{"desktop":{"background-color":"var(--ast-global-color-5)","background-image":"","background-repeat":"repeat","background-position":"center center","background-size":"auto","background-attachment":"scroll","background-type":"","background-media":"","overlay-type":"","overlay-color":"","overlay-opacity":"","overlay-gradient":""},"tablet":{"background-color":"","background-image":"","background-repeat":"repeat","background-position":"center center","background-size":"auto","background-attachment":"scroll","background-type":"","background-media":"","overlay-type":"","overlay-color":"","overlay-opacity":"","overlay-gradient":""},"mobile":{"background-color":"","background-image":"","background-repeat":"repeat","background-position":"center center","background-size":"auto","background-attachment":"scroll","background-type":"","background-media":"","overlay-type":"","overlay-color":"","overlay-opacity":"","overlay-gradient":""}},"ast-content-background-meta":{"desktop":{"background-color":"var(--ast-global-color-4)","background-image":"","background-repeat":"repeat","background-position":"center center","background-size":"auto","background-attachment":"scroll","background-type":"","background-media":"","overlay-type":"","overlay-color":"","overlay-opacity":"","overlay-gradient":""},"tablet":{"background-color":"var(--ast-global-color-4)","background-image":"","background-repeat":"repeat","background-position":"center center","background-size":"auto","background-attachment":"scroll","background-type":"","background-media":"","overlay-type":"","overlay-color":"","overlay-opacity":"","overlay-gradient":""},"mobile":{"background-color":"var(--ast-global-color-4)","background-image":"","background-repeat":"repeat","background-position":"center center","background-size":"auto","background-attachment":"scroll","background-type":"","background-media":"","overlay-type":"","overlay-color":"","overlay-opacity":"","overlay-gradient":""}},"footnotes":""},"class_list":["post-129","page","type-page","status-publish","hentry"],"aioseo_notices":[],"_hostinger_reach_plugin_has_subscription_block":false,"_hostinger_reach_plugin_is_elementor":false,"_links":{"self":[{"href":"https:\/\/mochopo.com\/en\/wp-json\/wp\/v2\/pages\/129","targetHints":{"allow":["GET"]}}],"collection":[{"href":"https:\/\/mochopo.com\/en\/wp-json\/wp\/v2\/pages"}],"about":[{"href":"https:\/\/mochopo.com\/en\/wp-json\/wp\/v2\/types\/page"}],"author":[{"embeddable":true,"href":"https:\/\/mochopo.com\/en\/wp-json\/wp\/v2\/users\/1"}],"replies":[{"embeddable":true,"href":"https:\/\/mochopo.com\/en\/wp-json\/wp\/v2\/comments?post=129"}],"version-history":[{"count":16,"href":"https:\/\/mochopo.com\/en\/wp-json\/wp\/v2\/pages\/129\/revisions"}],"predecessor-version":[{"id":1209,"href":"https:\/\/mochopo.com\/en\/wp-json\/wp\/v2\/pages\/129\/revisions\/1209"}],"wp:attachment":[{"href":"https:\/\/mochopo.com\/en\/wp-json\/wp\/v2\/media?parent=129"}],"curies":[{"name":"wp","href":"https:\/\/api.w.org\/{rel}","templated":true}]}}