{"id":128,"date":"2026-01-01T16:17:16","date_gmt":"2026-01-01T16:17:16","guid":{"rendered":"https:\/\/mochopo.com\/?page_id=128"},"modified":"2026-01-11T08:38:08","modified_gmt":"2026-01-11T08:38:08","slug":"acerca-de-mochopo","status":"publish","type":"page","link":"https:\/\/mochopo.com\/en\/acerca-de-mochopo\/","title":{"rendered":"About Mochopo"},"content":{"rendered":"<div data-elementor-type=\"wp-page\" data-elementor-id=\"128\" class=\"elementor elementor-128\">\n\t\t\t\t<div class=\"elementor-element elementor-element-04524ea e-flex e-con-boxed wpr-particle-no wpr-jarallax-no wpr-parallax-no wpr-sticky-section-no e-con e-parent\" data-id=\"04524ea\" data-element_type=\"container\">\n\t\t\t\t\t<div class=\"e-con-inner\">\n\t\t\t\t<div class=\"elementor-element elementor-element-b08385d elementor-widget elementor-widget-heading\" data-id=\"b08385d\" data-element_type=\"widget\" data-widget_type=\"heading.default\">\n\t\t\t\t\t<h1 class=\"elementor-heading-title elementor-size-default\">Acerca de Mochopo: Un refugio creativo y solidario<\/h1>\t\t\t\t<\/div>\n\t\t\t\t\t<\/div>\n\t\t\t\t<\/div>\n\t\t<div class=\"elementor-element elementor-element-9cd50d7 e-flex e-con-boxed wpr-particle-no wpr-jarallax-no wpr-parallax-no wpr-sticky-section-no e-con e-parent\" data-id=\"9cd50d7\" data-element_type=\"container\">\n\t\t\t\t\t<div class=\"e-con-inner\">\n\t\t\t\t<div class=\"elementor-element elementor-element-905568f elementor-widget elementor-widget-text-editor\" data-id=\"905568f\" data-element_type=\"widget\" data-widget_type=\"text-editor.default\">\n\t\t\t\t\t\t\t\t\t<p data-path-to-node=\"7\"><b data-path-to-node=\"7\" data-index-in-node=\"0\">\u00a1Hola! Soy Carmen, <\/b>una peque\u00f1a artista marbell\u00ed aunque malague\u00f1a de coraz\u00f3n. Te doy la bienvenida oficial a <b data-path-to-node=\"7\" data-index-in-node=\"50\">Mochopo<\/b>, mi peque\u00f1o rinc\u00f3n en internet donde transformo mis pasiones, los videojuegos y mis personajillos en objetos tangibles que puedes llevar contigo.<\/p>\t\t\t\t\t\t\t\t<\/div>\n\t\t\t\t<div class=\"elementor-element elementor-element-1d4c5fb elementor-widget elementor-widget-image\" data-id=\"1d4c5fb\" data-element_type=\"widget\" data-widget_type=\"image.default\">\n\t\t\t\t\t\t\t\t\t\t\t\t\t\t\t<img fetchpriority=\"high\" decoding=\"async\" width=\"768\" height=\"432\" src=\"https:\/\/mochopo.com\/wp-content\/uploads\/2026\/01\/Diseno-sin-titulo-5-768x432.png\" class=\"attachment-medium_large size-medium_large wp-image-1010\" alt=\"\" srcset=\"https:\/\/mochopo.com\/wp-content\/uploads\/2026\/01\/Diseno-sin-titulo-5-768x432.png 768w, https:\/\/mochopo.com\/wp-content\/uploads\/2026\/01\/Diseno-sin-titulo-5-300x169.png 300w, https:\/\/mochopo.com\/wp-content\/uploads\/2026\/01\/Diseno-sin-titulo-5-1024x576.png 1024w, https:\/\/mochopo.com\/wp-content\/uploads\/2026\/01\/Diseno-sin-titulo-5-1536x864.png 1536w, https:\/\/mochopo.com\/wp-content\/uploads\/2026\/01\/Diseno-sin-titulo-5-600x338.png 600w, https:\/\/mochopo.com\/wp-content\/uploads\/2026\/01\/Diseno-sin-titulo-5.png 1920w\" sizes=\"(max-width: 768px) 100vw, 768px\" \/>\t\t\t\t\t\t\t\t\t\t\t\t\t\t\t<\/div>\n\t\t\t\t\t<\/div>\n\t\t\t\t<\/div>\n\t\t<div class=\"elementor-element elementor-element-0b55547 e-flex e-con-boxed wpr-particle-no wpr-jarallax-no wpr-parallax-no wpr-sticky-section-no e-con e-parent\" data-id=\"0b55547\" data-element_type=\"container\">\n\t\t\t\t\t<div class=\"e-con-inner\">\n\t\t\t\t<div class=\"elementor-element elementor-element-6928a7b elementor-widget elementor-widget-text-editor\" data-id=\"6928a7b\" data-element_type=\"widget\" data-widget_type=\"text-editor.default\">\n\t\t\t\t\t\t\t\t\t<p data-path-to-node=\"7\"><b data-path-to-node=\"8\" data-index-in-node=\"0\">\u00bfDe d\u00f3nde sale el nombre?<\/b> Si te lo estabas preguntando, \u00abMochopo\u00bb no es una palabra inventada al azar. Es una combinaci\u00f3n de los nombres de dos de mis gatetes: <b data-path-to-node=\"8\" data-index-in-node=\"160\">Mochi y Popo<\/b>. Ellos fueron el inicio de un largo, arduo pero precioso camino que comenz\u00f3 en 2021: la fundaci\u00f3n de mi asociaci\u00f3n de rescate de gatitos: <a href=\"http:\/\/gatossinhogar.com\"><span style=\"color: #339966;\">Homeless Cats<\/span><\/a>. Ellos son los que salen en la foto debajo de este texto.<\/p>\t\t\t\t\t\t\t\t<\/div>\n\t\t\t\t<div class=\"elementor-element elementor-element-7b2f18a elementor-widget elementor-widget-image\" data-id=\"7b2f18a\" data-element_type=\"widget\" data-widget_type=\"image.default\">\n\t\t\t\t\t\t\t\t\t\t\t\t\t\t\t<img decoding=\"async\" width=\"768\" height=\"432\" src=\"https:\/\/mochopo.com\/wp-content\/uploads\/2026\/01\/Diseno-sin-titulo-6-768x432.png\" class=\"attachment-medium_large size-medium_large wp-image-1011\" alt=\"\" srcset=\"https:\/\/mochopo.com\/wp-content\/uploads\/2026\/01\/Diseno-sin-titulo-6-768x432.png 768w, https:\/\/mochopo.com\/wp-content\/uploads\/2026\/01\/Diseno-sin-titulo-6-300x169.png 300w, https:\/\/mochopo.com\/wp-content\/uploads\/2026\/01\/Diseno-sin-titulo-6-1024x576.png 1024w, https:\/\/mochopo.com\/wp-content\/uploads\/2026\/01\/Diseno-sin-titulo-6-1536x864.png 1536w, https:\/\/mochopo.com\/wp-content\/uploads\/2026\/01\/Diseno-sin-titulo-6-600x338.png 600w, https:\/\/mochopo.com\/wp-content\/uploads\/2026\/01\/Diseno-sin-titulo-6.png 1920w\" sizes=\"(max-width: 768px) 100vw, 768px\" \/>\t\t\t\t\t\t\t\t\t\t\t\t\t\t\t<\/div>\n\t\t\t\t\t<\/div>\n\t\t\t\t<\/div>\n\t\t<div class=\"elementor-element elementor-element-78af500 e-flex e-con-boxed wpr-particle-no wpr-jarallax-no wpr-parallax-no wpr-sticky-section-no e-con e-parent\" data-id=\"78af500\" data-element_type=\"container\">\n\t\t\t\t\t<div class=\"e-con-inner\">\n\t\t\t\t<div class=\"elementor-element elementor-element-f4bc15a elementor-widget elementor-widget-text-editor\" data-id=\"f4bc15a\" data-element_type=\"widget\" data-widget_type=\"text-editor.default\">\n\t\t\t\t\t\t\t\t\t<p data-path-to-node=\"8\">Pero entonces, <strong>\u00bfde d\u00f3nde sale el logo si no es ni Mochi ni Popo?<\/strong> Benjam\u00edn, el gato de ojos diminutos y adorables, fue mi inspiraci\u00f3n para crear al famoso <strong>olive cat<\/strong>, icono de Mochopo. Benja es un gato que ha estado de acogida mucho tiempo, no se deja tocar pero da tanta felicidad verlo. \u00bfQue por qu\u00e9 la aceituna? Pues la verdad es que no tiene que ver con que le gusten al Benjam\u00edn de la vida real, simplemente me pareci\u00f3 que le pegaba, quiz\u00e1 parte de mis ra\u00edces jiennenses se colaron por ah\u00ed.<\/p><p data-path-to-node=\"8\">A ra\u00edz de ello comenc\u00e9 a crear otros personajes basados en mis gatos o en gatos de acogida y de ah\u00ed a personajes basados en diferentes animales. Benja es el primero que sale en la foto de aqu\u00ed abajo, los dem\u00e1s gatitos han sido otras acogidas anteriores que me robaron el coraz\u00f3n como muchos de los gatos a los que les hemos encontrado una bonita familia.<\/p>\t\t\t\t\t\t\t\t<\/div>\n\t\t\t\t<div class=\"elementor-element elementor-element-2157968 elementor-widget elementor-widget-image\" data-id=\"2157968\" data-element_type=\"widget\" data-widget_type=\"image.default\">\n\t\t\t\t\t\t\t\t\t\t\t\t\t\t\t<img decoding=\"async\" width=\"768\" height=\"432\" src=\"https:\/\/mochopo.com\/wp-content\/uploads\/2026\/01\/Diseno-sin-titulo-7-768x432.png\" class=\"attachment-medium_large size-medium_large wp-image-1012\" alt=\"\" srcset=\"https:\/\/mochopo.com\/wp-content\/uploads\/2026\/01\/Diseno-sin-titulo-7-768x432.png 768w, https:\/\/mochopo.com\/wp-content\/uploads\/2026\/01\/Diseno-sin-titulo-7-300x169.png 300w, https:\/\/mochopo.com\/wp-content\/uploads\/2026\/01\/Diseno-sin-titulo-7-1024x576.png 1024w, https:\/\/mochopo.com\/wp-content\/uploads\/2026\/01\/Diseno-sin-titulo-7-1536x864.png 1536w, https:\/\/mochopo.com\/wp-content\/uploads\/2026\/01\/Diseno-sin-titulo-7-600x338.png 600w, https:\/\/mochopo.com\/wp-content\/uploads\/2026\/01\/Diseno-sin-titulo-7.png 1920w\" sizes=\"(max-width: 768px) 100vw, 768px\" \/>\t\t\t\t\t\t\t\t\t\t\t\t\t\t\t<\/div>\n\t\t\t\t\t<\/div>\n\t\t\t\t<\/div>\n\t\t<div class=\"elementor-element elementor-element-911fdc1 e-flex e-con-boxed wpr-particle-no wpr-jarallax-no wpr-parallax-no wpr-sticky-section-no e-con e-parent\" data-id=\"911fdc1\" data-element_type=\"container\">\n\t\t\t\t\t<div class=\"e-con-inner\">\n\t\t\t\t<div class=\"elementor-element elementor-element-a64e1c2 elementor-widget elementor-widget-text-editor\" data-id=\"a64e1c2\" data-element_type=\"widget\" data-widget_type=\"text-editor.default\">\n\t\t\t\t\t\t\t\t\t<p data-path-to-node=\"9\">En esta tienda encontrar\u00e1s dos mundos que conviven:<\/p><ul data-path-to-node=\"10\"><li><p data-path-to-node=\"10,0,0\"><b data-path-to-node=\"10,0,0\" data-index-in-node=\"0\">Mis Mundos Originales:<\/b> Protagonizados por <b data-path-to-node=\"10,0,0\" data-index-in-node=\"42\">Benjam\u00edn<\/b> (el gato aceituno e icono de la marca) pero tambi\u00e9n otros como <b data-path-to-node=\"10,0,0\" data-index-in-node=\"91\">Peluso<\/b> (el gato mandarino) o <b data-path-to-node=\"10,0,0\" data-index-in-node=\"119\">Nati<\/b> (la rata alien).<\/p><\/li><li><p data-path-to-node=\"10,1,0\"><b data-path-to-node=\"8,1,0\" data-index-in-node=\"0\">El <em>merchandising<\/em>:<\/b> Como fan de los videojuegos, les rindo homenaje. Encontrar\u00e1s <i data-path-to-node=\"8,1,0\" data-index-in-node=\"106\">merch<\/i> inspirado en el confort de los <b data-path-to-node=\"8,1,0\" data-index-in-node=\"143\">Cozy Games<\/b> (como <i data-path-to-node=\"8,1,0\" data-index-in-node=\"160\">Stardew Valley<\/i>), la acci\u00f3n fren\u00e9tica de los <b data-path-to-node=\"8,1,0\" data-index-in-node=\"194\">Rogue-like y Roguelite <\/b>(que para m\u00ed tambi\u00e9n son cozy) y la magia de los <b data-path-to-node=\"8,1,0\" data-index-in-node=\"224\">Metroidvanias entre otros. <\/b>Tambi\u00e9n adoro los juegos de gesti\u00f3n de recursos y en general los juegos fren\u00e9ticos jeje. Me encantar\u00eda hacer <em>merch<\/em> de mis <strong>series favoritas<\/strong> (Doctor Who y Buffy la Cazavampiros) pero todav\u00eda no he sabido bien qu\u00e9 dise\u00f1ar.<\/p><\/li><\/ul><p data-path-to-node=\"11\">Todo lo que ver\u00e1s aqu\u00ed es <strong>dise\u00f1o propio y 100% humano<\/strong>, este es un espacio anti-IA generativa. Son dise\u00f1os y productos hechos con mucho cari\u00f1o y dedicaci\u00f3n.<\/p><p data-path-to-node=\"12\"><b data-path-to-node=\"12\" data-index-in-node=\"0\">El Lado Solidario:<\/b> Una parte de los beneficios de cada pedido que haces se dona directamente a la asociaci\u00f3n malague\u00f1a <span style=\"color: #008000;\"><a style=\"color: #008000;\" href=\"http:\/\/gatossinhogar.com\"><b data-path-to-node=\"12\" data-index-in-node=\"230\">Homeless Cats<\/b><\/a><\/span>\u00a0As\u00ed que, cuando compras un llavero o una l\u00e1mina, no s\u00f3lo te llevas algo bonito, sino que est\u00e1s ayudando a alimentar y cuidar a gatitos que lo necesitan. Puedes pasarte por la web de la asociaci\u00f3n si quieres conocer m\u00e1s sobre su labor u otras formas de ayudar.<\/p><p data-path-to-node=\"13\">Gracias por apoyar este peque\u00f1o negocio, por valorar el trabajo artesanal y el dise\u00f1o independiente y por poner tu granito de arena para la asociaci\u00f3n.<\/p><p data-path-to-node=\"14\">\u00a1Espero que disfrutes de tu visita!<\/p>\t\t\t\t\t\t\t\t<\/div>\n\t\t\t\t\t<\/div>\n\t\t\t\t<\/div>\n\t\t\t\t<\/div>","protected":false},"excerpt":{"rendered":"<p>Acerca de Mochopo: Un refugio creativo y solidario \u00a1Hola! Soy Carmen, una peque\u00f1a artista marbell\u00ed aunque malague\u00f1a de coraz\u00f3n. Te doy la bienvenida oficial a Mochopo, mi peque\u00f1o rinc\u00f3n en internet donde transformo mis pasiones, los videojuegos y mis personajillos en objetos tangibles que puedes llevar contigo. \u00bfDe d\u00f3nde sale el nombre? Si te lo estabas preguntando, \u00abMochopo\u00bb no es una palabra inventada al azar. Es una combinaci\u00f3n de los nombres de dos de mis gatetes: Mochi y Popo. Ellos fueron el inicio de un largo, arduo pero precioso camino que comenz\u00f3 en 2021: la fundaci\u00f3n de mi asociaci\u00f3n de rescate de gatitos: Gatos Sin Hogar. Ellos son los que salen en la foto debajo de este texto. Pero entonces, \u00bfde d\u00f3nde sale el logo si no es ni Mochi ni Popo? Benjam\u00edn, el gato de ojos diminutos y adorables, fue mi inspiraci\u00f3n para crear al famoso gato aceituno, icono de Mochopo. Benja es un gato que ha estado de acogida mucho tiempo, no se deja tocar pero da tanta felicidad verlo. \u00bfQue por qu\u00e9 la aceituna? Pues la verdad es que no tiene que ver con que le gusten al Benjam\u00edn de la vida real, simplemente me pareci\u00f3 que le pegaba, quiz\u00e1 parte de mis ra\u00edces jiennenses se colaron por ah\u00ed. A ra\u00edz de ello comenc\u00e9 a crear otros personajes basados en mis gatos o en gatos de acogida y de ah\u00ed a personajes basados en diferentes animales. Benja es el primero que sale en la foto de aqu\u00ed abajo, los dem\u00e1s gatitos han sido otras acogidas anteriores que me robaron el coraz\u00f3n como muchos de los gatos a los que les hemos encontrado una bonita familia. En esta tienda encontrar\u00e1s dos mundos que conviven: Mis Mundos Originales: Protagonizados por Benjam\u00edn (el gato aceituno e icono de la marca) pero tambi\u00e9n otros como Peluso (el gato mandarino) o Nati (la rata alien). El merchandising: Como fan de los videojuegos, les rindo homenaje. Encontrar\u00e1s merch inspirado en el confort de los Cozy Games (como Stardew Valley), la acci\u00f3n fren\u00e9tica de los Rogue-like y Roguelite (que para m\u00ed tambi\u00e9n son cozy) y la magia de los Metroidvanias entre otros. Tambi\u00e9n adoro los juegos de gesti\u00f3n de recursos y en general los juegos fren\u00e9ticos jeje. Me encantar\u00eda hacer merch de mis series favoritas (Doctor Who y Buffy la Cazavampiros) pero todav\u00eda no he sabido bien qu\u00e9 dise\u00f1ar. Todo lo que ver\u00e1s aqu\u00ed es dise\u00f1o propio y 100% humano, este es un espacio anti-IA generativa. Son dise\u00f1os y productos hechos con mucho cari\u00f1o y dedicaci\u00f3n. El Lado Solidario: Una parte de los beneficios de cada pedido que haces se dona directamente a la asociaci\u00f3n malague\u00f1a Gatos Sin Hogar\u00a0As\u00ed que, cuando compras un llavero o una l\u00e1mina, no s\u00f3lo te llevas algo bonito, sino que est\u00e1s ayudando a alimentar y cuidar a gatitos que lo necesitan. Puedes pasarte por la web de la asociaci\u00f3n si quieres conocer m\u00e1s sobre su labor u otras formas de ayudar. Gracias por apoyar este peque\u00f1o negocio, por valorar el trabajo artesanal y el dise\u00f1o independiente y por poner tu granito de arena para la asociaci\u00f3n. \u00a1Espero que disfrutes de tu visita!<\/p>","protected":false},"author":1,"featured_media":0,"parent":0,"menu_order":0,"comment_status":"closed","ping_status":"closed","template":"","meta":{"_eb_attr":"","site-sidebar-layout":"no-sidebar","site-content-layout":"","ast-site-content-layout":"full-width-container","site-content-style":"default","site-sidebar-style":"default","ast-global-header-display":"","ast-banner-title-visibility":"","ast-main-header-display":"","ast-hfb-above-header-display":"","ast-hfb-below-header-display":"","ast-hfb-mobile-header-display":"","site-post-title":"disabled","ast-breadcrumbs-content":"","ast-featured-img":"disabled","footer-sml-layout":"","ast-disable-related-posts":"","theme-transparent-header-meta":"","adv-header-id-meta":"","stick-header-meta":"","header-above-stick-meta":"","header-main-stick-meta":"","header-below-stick-meta":"","astra-migrate-meta-layouts":"default","ast-page-background-enabled":"default","ast-page-background-meta":{"desktop":{"background-color":"var(--ast-global-color-5)","background-image":"","background-repeat":"repeat","background-position":"center center","background-size":"auto","background-attachment":"scroll","background-type":"","background-media":"","overlay-type":"","overlay-color":"","overlay-opacity":"","overlay-gradient":""},"tablet":{"background-color":"","background-image":"","background-repeat":"repeat","background-position":"center center","background-size":"auto","background-attachment":"scroll","background-type":"","background-media":"","overlay-type":"","overlay-color":"","overlay-opacity":"","overlay-gradient":""},"mobile":{"background-color":"","background-image":"","background-repeat":"repeat","background-position":"center center","background-size":"auto","background-attachment":"scroll","background-type":"","background-media":"","overlay-type":"","overlay-color":"","overlay-opacity":"","overlay-gradient":""}},"ast-content-background-meta":{"desktop":{"background-color":"var(--ast-global-color-4)","background-image":"","background-repeat":"repeat","background-position":"center center","background-size":"auto","background-attachment":"scroll","background-type":"","background-media":"","overlay-type":"","overlay-color":"","overlay-opacity":"","overlay-gradient":""},"tablet":{"background-color":"var(--ast-global-color-4)","background-image":"","background-repeat":"repeat","background-position":"center center","background-size":"auto","background-attachment":"scroll","background-type":"","background-media":"","overlay-type":"","overlay-color":"","overlay-opacity":"","overlay-gradient":""},"mobile":{"background-color":"var(--ast-global-color-4)","background-image":"","background-repeat":"repeat","background-position":"center center","background-size":"auto","background-attachment":"scroll","background-type":"","background-media":"","overlay-type":"","overlay-color":"","overlay-opacity":"","overlay-gradient":""}},"footnotes":""},"class_list":["post-128","page","type-page","status-publish","hentry"],"aioseo_notices":[],"_hostinger_reach_plugin_has_subscription_block":false,"_hostinger_reach_plugin_is_elementor":false,"_links":{"self":[{"href":"https:\/\/mochopo.com\/en\/wp-json\/wp\/v2\/pages\/128","targetHints":{"allow":["GET"]}}],"collection":[{"href":"https:\/\/mochopo.com\/en\/wp-json\/wp\/v2\/pages"}],"about":[{"href":"https:\/\/mochopo.com\/en\/wp-json\/wp\/v2\/types\/page"}],"author":[{"embeddable":true,"href":"https:\/\/mochopo.com\/en\/wp-json\/wp\/v2\/users\/1"}],"replies":[{"embeddable":true,"href":"https:\/\/mochopo.com\/en\/wp-json\/wp\/v2\/comments?post=128"}],"version-history":[{"count":16,"href":"https:\/\/mochopo.com\/en\/wp-json\/wp\/v2\/pages\/128\/revisions"}],"predecessor-version":[{"id":1212,"href":"https:\/\/mochopo.com\/en\/wp-json\/wp\/v2\/pages\/128\/revisions\/1212"}],"wp:attachment":[{"href":"https:\/\/mochopo.com\/en\/wp-json\/wp\/v2\/media?parent=128"}],"curies":[{"name":"wp","href":"https:\/\/api.w.org\/{rel}","templated":true}]}}